{"id":6,"date":"2021-09-20T16:09:15","date_gmt":"2021-09-20T16:09:15","guid":{"rendered":"http:\/\/localhost\/expertia-wp\/?page_id=6"},"modified":"2025-01-08T17:02:38","modified_gmt":"2025-01-08T17:02:38","slug":"home","status":"publish","type":"page","link":"https:\/\/expertiagrup.com\/es\/","title":{"rendered":"Home"},"content":{"rendered":"\n<p>En Expertia Grup, nos dedicamos en cuerpo y alma a guiar a empresas en temas fiscales, laborales, contables y legales.<\/p>\n\n\n\n<p>Desde nuestro despacho en Palafrugell, acompa\u00f1amos en su crecimiento a aut\u00f3nomos, emprendedores, pymes y empresas consolidadas de toda Catalu\u00f1a.<\/p>\n\n\n\n<p>Tenemos una forma de ser din\u00e1mica y resolutiva. En Expertia, los temas no se encallan. Y encontramos siempre soluciones.<\/p>\n\n\n\n<p>Nuestros clientes tienen en Expertia el respaldo y la tranquilidad que necesitan para volcar su energ\u00eda en sus propios proyectos empresariales.<\/p>\n","protected":false},"excerpt":{"rendered":"<p>En Expertia Grup, nos dedicamos en cuerpo y alma a guiar a empresas en temas fiscales, laborales, contables y legales. Desde nuestro despacho en Palafrugell, acompa\u00f1amos en su crecimiento a aut\u00f3nomos, emprendedores, pymes y empresas consolidadas de toda Catalu\u00f1a. Tenemos una forma de ser din\u00e1mica y resolutiva. En Expertia, los temas no se encallan. Y [&hellip;]<\/p>\n","protected":false},"author":1,"featured_media":0,"parent":0,"menu_order":1,"comment_status":"closed","ping_status":"closed","template":"","meta":{"_acf_changed":false,"footnotes":""},"class_list":["post-6","page","type-page","status-publish","hentry"],"acf":[],"yoast_head":"<!-- This site is optimized with the Yoast SEO plugin v24.9 - https:\/\/yoast.com\/wordpress\/plugins\/seo\/ -->\n<title>Home - EXPERTIA GRUP Asesor\u00eda empresas y aut\u00f3nomos en Palafrugell<\/title>\n<meta name=\"description\" content=\"Una Asesor\u00eda es m\u00e1s apropiada que una Consultor\u00eda para abordar soluciones de moderada complejidad en \u00e1mbitos donde el cliente cuenta con experiencia metodol\u00f3gica propia, pero donde a\u00fan as\u00ed requiere contrastar su enfoque con una visi\u00f3n externa, objetiva y experta Asesor\u00eda empresas y aut\u00f3nomos en Palafrugell. Ayudamos empresas de toda Catalu\u00f1a a crecer con asesor\u00eda fiscal, laboral, contable y legal.\" \/>\n<meta name=\"robots\" content=\"index, follow, max-snippet:-1, max-image-preview:large, max-video-preview:-1\" \/>\n<link rel=\"canonical\" href=\"https:\/\/expertiagrup.com\/es\/\" \/>\n<meta property=\"og:locale\" content=\"es_ES\" \/>\n<meta property=\"og:type\" content=\"article\" \/>\n<meta property=\"og:title\" content=\"Home - EXPERTIA GRUP Asesor\u00eda empresas y aut\u00f3nomos en Palafrugell\" \/>\n<meta property=\"og:description\" content=\"Una Asesor\u00eda es m\u00e1s apropiada que una Consultor\u00eda para abordar soluciones de moderada complejidad en \u00e1mbitos donde el cliente cuenta con experiencia metodol\u00f3gica propia, pero donde a\u00fan as\u00ed requiere contrastar su enfoque con una visi\u00f3n externa, objetiva y experta Asesor\u00eda empresas y aut\u00f3nomos en Palafrugell. Ayudamos empresas de toda Catalu\u00f1a a crecer con asesor\u00eda fiscal, laboral, contable y legal.\" \/>\n<meta property=\"og:url\" content=\"https:\/\/expertiagrup.com\/es\/\" \/>\n<meta property=\"og:site_name\" content=\"EXPERTIA GRUP\" \/>\n<meta property=\"article:modified_time\" content=\"2025-01-08T17:02:38+00:00\" \/>\n<meta name=\"twitter:card\" content=\"summary_large_image\" \/>\n<meta name=\"twitter:label1\" content=\"Tiempo de lectura\" \/>\n\t<meta name=\"twitter:data1\" content=\"1 minuto\" \/>\n<script type=\"application\/ld+json\" class=\"yoast-schema-graph\">{\"@context\":\"https:\/\/schema.org\",\"@graph\":[{\"@type\":\"WebPage\",\"@id\":\"https:\/\/expertiagrup.com\/es\/\",\"url\":\"https:\/\/expertiagrup.com\/es\/\",\"name\":\"Home - EXPERTIA GRUP Asesor\u00eda empresas y aut\u00f3nomos en Palafrugell\",\"isPartOf\":{\"@id\":\"https:\/\/expertiagrup.com\/es\/#website\"},\"datePublished\":\"2021-09-20T16:09:15+00:00\",\"dateModified\":\"2025-01-08T17:02:38+00:00\",\"description\":\"Una Asesor\u00eda es m\u00e1s apropiada que una Consultor\u00eda para abordar soluciones de moderada complejidad en \u00e1mbitos donde el cliente cuenta con experiencia metodol\u00f3gica propia, pero donde a\u00fan as\u00ed requiere contrastar su enfoque con una visi\u00f3n externa, objetiva y experta Asesor\u00eda empresas y aut\u00f3nomos en Palafrugell. Ayudamos empresas de toda Catalu\u00f1a a crecer con asesor\u00eda fiscal, laboral, contable y legal.\",\"breadcrumb\":{\"@id\":\"https:\/\/expertiagrup.com\/es\/#breadcrumb\"},\"inLanguage\":\"es\",\"potentialAction\":[{\"@type\":\"ReadAction\",\"target\":[\"https:\/\/expertiagrup.com\/es\/\"]}]},{\"@type\":\"BreadcrumbList\",\"@id\":\"https:\/\/expertiagrup.com\/es\/#breadcrumb\",\"itemListElement\":[{\"@type\":\"ListItem\",\"position\":1,\"name\":\"Portada\",\"item\":\"https:\/\/expertiagrup.com\/es\/\"},{\"@type\":\"ListItem\",\"position\":2,\"name\":\"Home\"}]},{\"@type\":\"WebSite\",\"@id\":\"https:\/\/expertiagrup.com\/es\/#website\",\"url\":\"https:\/\/expertiagrup.com\/es\/\",\"name\":\"EXPERTIA GRUP\",\"description\":\"Una Asesor\u00eda es m\u00e1s apropiada que una Consultor\u00eda para abordar soluciones de moderada complejidad en \u00e1mbitos donde el cliente cuenta con experiencia metodol\u00f3gica propia, pero donde a\u00fan as\u00ed requiere contrastar su enfoque con una visi\u00f3n externa, objetiva y experta\",\"potentialAction\":[{\"@type\":\"SearchAction\",\"target\":{\"@type\":\"EntryPoint\",\"urlTemplate\":\"https:\/\/expertiagrup.com\/es\/?s={search_term_string}\"},\"query-input\":{\"@type\":\"PropertyValueSpecification\",\"valueRequired\":true,\"valueName\":\"search_term_string\"}}],\"inLanguage\":\"es\"},{\"@type\":\"Person\",\"@id\":\"https:\/\/expertiagrup.com\/es\/#\/schema\/person\/b3914260d63095c4188dd7339683f647\",\"name\":\"ikrea\",\"image\":{\"@type\":\"ImageObject\",\"inLanguage\":\"es\",\"@id\":\"https:\/\/expertiagrup.com\/es\/#\/schema\/person\/image\/\",\"url\":\"https:\/\/secure.gravatar.com\/avatar\/f7a3e7854bad6d2a7307ec56769e036fb9588c2331f73884d3a9eb4322254492?s=96&d=mm&r=g\",\"contentUrl\":\"https:\/\/secure.gravatar.com\/avatar\/f7a3e7854bad6d2a7307ec56769e036fb9588c2331f73884d3a9eb4322254492?s=96&d=mm&r=g\",\"caption\":\"ikrea\"},\"sameAs\":[\"http:\/\/localhost\/expertia-wp\"],\"url\":\"https:\/\/expertiagrup.com\/es\/blog\/author\/ikrea\/\"}]}<\/script>\n<!-- \/ Yoast SEO plugin. -->","yoast_head_json":{"title":"Home - EXPERTIA GRUP Asesor\u00eda empresas y aut\u00f3nomos en Palafrugell","description":"Una Asesor\u00eda es m\u00e1s apropiada que una Consultor\u00eda para abordar soluciones de moderada complejidad en \u00e1mbitos donde el cliente cuenta con experiencia metodol\u00f3gica propia, pero donde a\u00fan as\u00ed requiere contrastar su enfoque con una visi\u00f3n externa, objetiva y experta Asesor\u00eda empresas y aut\u00f3nomos en Palafrugell. Ayudamos empresas de toda Catalu\u00f1a a crecer con asesor\u00eda fiscal, laboral, contable y legal.","robots":{"index":"index","follow":"follow","max-snippet":"max-snippet:-1","max-image-preview":"max-image-preview:large","max-video-preview":"max-video-preview:-1"},"canonical":"https:\/\/expertiagrup.com\/es\/","og_locale":"es_ES","og_type":"article","og_title":"Home - EXPERTIA GRUP Asesor\u00eda empresas y aut\u00f3nomos en Palafrugell","og_description":"Una Asesor\u00eda es m\u00e1s apropiada que una Consultor\u00eda para abordar soluciones de moderada complejidad en \u00e1mbitos donde el cliente cuenta con experiencia metodol\u00f3gica propia, pero donde a\u00fan as\u00ed requiere contrastar su enfoque con una visi\u00f3n externa, objetiva y experta Asesor\u00eda empresas y aut\u00f3nomos en Palafrugell. Ayudamos empresas de toda Catalu\u00f1a a crecer con asesor\u00eda fiscal, laboral, contable y legal.","og_url":"https:\/\/expertiagrup.com\/es\/","og_site_name":"EXPERTIA GRUP","article_modified_time":"2025-01-08T17:02:38+00:00","twitter_card":"summary_large_image","twitter_misc":{"Tiempo de lectura":"1 minuto"},"schema":{"@context":"https:\/\/schema.org","@graph":[{"@type":"WebPage","@id":"https:\/\/expertiagrup.com\/es\/","url":"https:\/\/expertiagrup.com\/es\/","name":"Home - EXPERTIA GRUP Asesor\u00eda empresas y aut\u00f3nomos en Palafrugell","isPartOf":{"@id":"https:\/\/expertiagrup.com\/es\/#website"},"datePublished":"2021-09-20T16:09:15+00:00","dateModified":"2025-01-08T17:02:38+00:00","description":"Una Asesor\u00eda es m\u00e1s apropiada que una Consultor\u00eda para abordar soluciones de moderada complejidad en \u00e1mbitos donde el cliente cuenta con experiencia metodol\u00f3gica propia, pero donde a\u00fan as\u00ed requiere contrastar su enfoque con una visi\u00f3n externa, objetiva y experta Asesor\u00eda empresas y aut\u00f3nomos en Palafrugell. Ayudamos empresas de toda Catalu\u00f1a a crecer con asesor\u00eda fiscal, laboral, contable y legal.","breadcrumb":{"@id":"https:\/\/expertiagrup.com\/es\/#breadcrumb"},"inLanguage":"es","potentialAction":[{"@type":"ReadAction","target":["https:\/\/expertiagrup.com\/es\/"]}]},{"@type":"BreadcrumbList","@id":"https:\/\/expertiagrup.com\/es\/#breadcrumb","itemListElement":[{"@type":"ListItem","position":1,"name":"Portada","item":"https:\/\/expertiagrup.com\/es\/"},{"@type":"ListItem","position":2,"name":"Home"}]},{"@type":"WebSite","@id":"https:\/\/expertiagrup.com\/es\/#website","url":"https:\/\/expertiagrup.com\/es\/","name":"EXPERTIA GRUP","description":"Una Asesor\u00eda es m\u00e1s apropiada que una Consultor\u00eda para abordar soluciones de moderada complejidad en \u00e1mbitos donde el cliente cuenta con experiencia metodol\u00f3gica propia, pero donde a\u00fan as\u00ed requiere contrastar su enfoque con una visi\u00f3n externa, objetiva y experta","potentialAction":[{"@type":"SearchAction","target":{"@type":"EntryPoint","urlTemplate":"https:\/\/expertiagrup.com\/es\/?s={search_term_string}"},"query-input":{"@type":"PropertyValueSpecification","valueRequired":true,"valueName":"search_term_string"}}],"inLanguage":"es"},{"@type":"Person","@id":"https:\/\/expertiagrup.com\/es\/#\/schema\/person\/b3914260d63095c4188dd7339683f647","name":"ikrea","image":{"@type":"ImageObject","inLanguage":"es","@id":"https:\/\/expertiagrup.com\/es\/#\/schema\/person\/image\/","url":"https:\/\/secure.gravatar.com\/avatar\/f7a3e7854bad6d2a7307ec56769e036fb9588c2331f73884d3a9eb4322254492?s=96&d=mm&r=g","contentUrl":"https:\/\/secure.gravatar.com\/avatar\/f7a3e7854bad6d2a7307ec56769e036fb9588c2331f73884d3a9eb4322254492?s=96&d=mm&r=g","caption":"ikrea"},"sameAs":["http:\/\/localhost\/expertia-wp"],"url":"https:\/\/expertiagrup.com\/es\/blog\/author\/ikrea\/"}]}},"_links":{"self":[{"href":"https:\/\/expertiagrup.com\/es\/wp-json\/wp\/v2\/pages\/6","targetHints":{"allow":["GET"]}}],"collection":[{"href":"https:\/\/expertiagrup.com\/es\/wp-json\/wp\/v2\/pages"}],"about":[{"href":"https:\/\/expertiagrup.com\/es\/wp-json\/wp\/v2\/types\/page"}],"author":[{"embeddable":true,"href":"https:\/\/expertiagrup.com\/es\/wp-json\/wp\/v2\/users\/1"}],"replies":[{"embeddable":true,"href":"https:\/\/expertiagrup.com\/es\/wp-json\/wp\/v2\/comments?post=6"}],"version-history":[{"count":3,"href":"https:\/\/expertiagrup.com\/es\/wp-json\/wp\/v2\/pages\/6\/revisions"}],"predecessor-version":[{"id":306,"href":"https:\/\/expertiagrup.com\/es\/wp-json\/wp\/v2\/pages\/6\/revisions\/306"}],"wp:attachment":[{"href":"https:\/\/expertiagrup.com\/es\/wp-json\/wp\/v2\/media?parent=6"}],"curies":[{"name":"wp","href":"https:\/\/api.w.org\/{rel}","templated":true}]}}