{"id":270,"date":"2024-11-27T16:50:08","date_gmt":"2024-11-27T16:50:08","guid":{"rendered":"http:\/\/localhost\/expertia_multi\/es\/?page_id=270"},"modified":"2025-01-09T18:17:37","modified_gmt":"2025-01-09T18:17:37","slug":"asesoriaempresaspalafrugell","status":"publish","type":"page","link":"https:\/\/expertiagrup.com\/es\/asesoriaempresaspalafrugell\/","title":{"rendered":"\u00bfC\u00f3mo te ayudamos?"},"content":{"rendered":"\n<p>En nuestra asesor\u00eda de Palafrugell, nos dedicamos a hacer la vida m\u00e1s f\u00e1cil a empresas de todos los tama\u00f1os, con soluciones a medida en fiscalidad, contabilidad, laboral y servicios jur\u00eddicos.<\/p>\n\n\n\n<p>Sabemos que cada negocio es diferente, y que detr\u00e1s de cada empresa, hay personas. En Expertia, tenemos una forma de hacer las cosas cercana y directa, y nuestros clientes se sienten como en casa.<\/p>\n\n\n\n<p>Adem\u00e1s, somos empresarios, como t\u00fa, y sabemos qu\u00e9 hace falta para crecer. Estamos aqu\u00ed para apoyarte y optimizar tu gesti\u00f3n fiscal, mantener al d\u00eda tu contabilidad, gestionar tus recursos humanos o respaldarte legalmente cuando lo necesites.<\/p>\n\n\n\n<div style=\"height:30px\" aria-hidden=\"true\" class=\"wp-block-spacer\"><\/div>\n\n\n\n<section class=\"wp-block-group e-grid-services\"><div class=\"wp-block-group__inner-container is-layout-constrained wp-block-group-is-layout-constrained\">\n<div class=\"wp-block-columns is-layout-flex wp-container-core-columns-is-layout-9d6595d7 wp-block-columns-is-layout-flex\">\n<div class=\"wp-block-column is-layout-flow wp-block-column-is-layout-flow\">\n<header class=\"wp-block-group\"><div class=\"wp-block-group__inner-container is-layout-constrained wp-block-group-is-layout-constrained\"><div class=\"wp-block-image\">\n<figure class=\"alignleft size-full is-resized\"><img decoding=\"async\" src=\"https:\/\/expertiagrup.com\/es\/wp-content\/uploads\/sites\/2\/arrow-double-big-1.svg\" alt=\"\" class=\"wp-image-279\" style=\"width:34px;height:auto\"\/><\/figure>\n<\/div>\n\n\n<h3 class=\"wp-block-heading\"><strong>Asesoramiento y consultor\u00eda<\/strong><\/h3>\n<\/div><\/header>\n\n\n\n<div class=\"wp-block-group e-grid-services__content\"><div class=\"wp-block-group__inner-container is-layout-constrained wp-block-group-is-layout-constrained\">\n<p>No est\u00e1s solo. Contar con Expertia como asesor estrat\u00e9gico puede transformar tu negocio y hacerlo crecer. Te ofrecemos esa visi\u00f3n externa y experta que te ayuda a dirigir tu empresa con seguridad y tranquilidad.<\/p>\n\n\n\n<ul class=\"wp-block-list\">\n<li>Estrategia empresarial<\/li>\n\n\n\n<li>An\u00e1lisis de mercado y competencia<\/li>\n\n\n\n<li>Planes de viabilidad<\/li>\n\n\n\n<li>Reestructuraci\u00f3n organizativa<\/li>\n\n\n\n<li>Mejora de procesos<\/li>\n\n\n\n<li>Expansi\u00f3n y crecimiento<\/li>\n<\/ul>\n<\/div><\/div>\n<\/div>\n\n\n\n<div class=\"wp-block-column is-layout-flow wp-block-column-is-layout-flow\">\n<header class=\"wp-block-group\"><div class=\"wp-block-group__inner-container is-layout-constrained wp-block-group-is-layout-constrained\"><div class=\"wp-block-image\">\n<figure class=\"alignleft size-full is-resized\"><img decoding=\"async\" src=\"https:\/\/expertiagrup.com\/es\/wp-content\/uploads\/sites\/2\/arrow-double-big-1.svg\" alt=\"\" class=\"wp-image-279\" style=\"width:34px;height:auto\"\/><\/figure>\n<\/div>\n\n\n<h3 class=\"wp-block-heading\"><strong><strong>Asesor\u00eda contable<\/strong><\/strong><\/h3>\n<\/div><\/header>\n\n\n\n<div class=\"wp-block-group e-grid-services__content\"><div class=\"wp-block-group__inner-container is-layout-constrained wp-block-group-is-layout-constrained\">\n<p>La contabilidad tiene mucho sex appeal. Como lo oyes. Llevar tus cuentas en orden y con precisi\u00f3n te da informaci\u00f3n de gran valor para tomar decisiones en tu empresa. Somos el equipo que necesitas para que nada falle.<\/p>\n\n\n\n<ul class=\"wp-block-list\">\n<li>Asesoramiento<\/li>\n\n\n\n<li>Planificaci\u00f3n contable<\/li>\n\n\n\n<li>Libros contables<\/li>\n\n\n\n<li>Cuentas anuales<\/li>\n\n\n\n<li>Control de tesorer\u00eda<\/li>\n\n\n\n<li>Externalizaci\u00f3n de la contabilidad<\/li>\n<\/ul>\n<\/div><\/div>\n<\/div>\n<\/div>\n\n\n\n<div style=\"height:30px\" aria-hidden=\"true\" class=\"wp-block-spacer\"><\/div>\n\n\n\n<div class=\"wp-block-columns is-layout-flex wp-container-core-columns-is-layout-9d6595d7 wp-block-columns-is-layout-flex\">\n<div class=\"wp-block-column is-layout-flow wp-block-column-is-layout-flow\">\n<header class=\"wp-block-group\"><div class=\"wp-block-group__inner-container is-layout-constrained wp-block-group-is-layout-constrained\"><div class=\"wp-block-image\">\n<figure class=\"alignleft size-full is-resized\"><img decoding=\"async\" src=\"https:\/\/expertiagrup.com\/es\/wp-content\/uploads\/sites\/2\/arrow-double-big-1.svg\" alt=\"\" class=\"wp-image-279\" style=\"width:34px;height:auto\"\/><\/figure>\n<\/div>\n\n\n<h3 class=\"wp-block-heading\"><strong><strong><strong><strong>Asesor\u00eda fiscal<\/strong><\/strong><\/strong><\/strong><\/h3>\n<\/div><\/header>\n\n\n\n<div class=\"wp-block-group e-grid-services__content\"><div class=\"wp-block-group__inner-container is-layout-constrained wp-block-group-is-layout-constrained\">\n<p>\u00a1Que los impuestos no te quiten el sue\u00f1o! En Expertia asesoramos, planificamos y ofrecemos soluciones para optimizar la fiscalidad de tu empresa y tu patrimonio. A la vez, aseguramos que cumplas con la legalidad y que te ahorres disgustos a futuro.<\/p>\n\n\n\n<ul class=\"wp-block-list\">\n<li>Planificaci\u00f3n fiscal<\/li>\n\n\n\n<li>Preparaci\u00f3n y presentaci\u00f3n de impuestos<\/li>\n\n\n\n<li>Fiscalidad en operaciones societarias<\/li>\n\n\n\n<li>Inspecciones y recursos tributarios<\/li>\n\n\n\n<li>Fiscalidad patrimonial y sucesoria<\/li>\n\n\n\n<li>Asesoramiento en reg\u00edmenes especiales<\/li>\n<\/ul>\n<\/div><\/div>\n<\/div>\n\n\n\n<div class=\"wp-block-column is-layout-flow wp-block-column-is-layout-flow\">\n<header class=\"wp-block-group\"><div class=\"wp-block-group__inner-container is-layout-constrained wp-block-group-is-layout-constrained\"><div class=\"wp-block-image\">\n<figure class=\"alignleft size-full is-resized\"><img decoding=\"async\" src=\"https:\/\/expertiagrup.com\/es\/wp-content\/uploads\/sites\/2\/arrow-double-big-1.svg\" alt=\"\" class=\"wp-image-279\" style=\"width:34px;height:auto\"\/><\/figure>\n<\/div>\n\n\n<h3 class=\"wp-block-heading\"><strong><strong><strong><strong><strong><strong>Asesor\u00eda laboral<\/strong><\/strong><\/strong><\/strong><\/strong><\/strong><\/h3>\n<\/div><\/header>\n\n\n\n<div class=\"wp-block-group e-grid-services__content\"><div class=\"wp-block-group__inner-container is-layout-constrained wp-block-group-is-layout-constrained\">\n<p>Lo m\u00e1s importante en tu empresa son las personas. \u00a1Cuida a tu equipo! Desde la gesti\u00f3n de n\u00f3minas hasta el cumplimiento de la legislaci\u00f3n y como asesores estrat\u00e9gicos, nos encargamos de los detalles para que te concentres en liderar.<\/p>\n\n\n\n<ul class=\"wp-block-list\">\n<li>Gesti\u00f3n de contrataciones<\/li>\n\n\n\n<li>Elaboraci\u00f3n de n\u00f3minas<\/li>\n\n\n\n<li>Inspecciones de trabajo<\/li>\n\n\n\n<li>Despidos y extinciones laborales<\/li>\n\n\n\n<li>Tramitaci\u00f3n de incapacidades y bajas<\/li>\n\n\n\n<li>Jubilaciones e incapacidades permanentes<\/li>\n<\/ul>\n<\/div><\/div>\n<\/div>\n<\/div>\n\n\n\n<div style=\"height:30px\" aria-hidden=\"true\" class=\"wp-block-spacer\"><\/div>\n\n\n\n<div class=\"wp-block-columns is-layout-flex wp-container-core-columns-is-layout-9d6595d7 wp-block-columns-is-layout-flex\">\n<div class=\"wp-block-column is-layout-flow wp-block-column-is-layout-flow\">\n<header class=\"wp-block-group\"><div class=\"wp-block-group__inner-container is-layout-constrained wp-block-group-is-layout-constrained\"><div class=\"wp-block-image\">\n<figure class=\"alignleft size-full is-resized\"><img decoding=\"async\" src=\"https:\/\/expertiagrup.com\/es\/wp-content\/uploads\/sites\/2\/arrow-double-big-1.svg\" alt=\"\" class=\"wp-image-279\" style=\"width:34px;height:auto\"\/><\/figure>\n<\/div>\n\n\n<h3 class=\"wp-block-heading\"><strong><strong><strong><strong><strong><strong><strong><strong><strong>Asesor\u00eda jur\u00eddica<\/strong><\/strong><\/strong><\/strong><\/strong><\/strong><\/strong><\/strong><\/strong><\/h3>\n<\/div><\/header>\n\n\n\n<div class=\"wp-block-group e-grid-services__content\"><div class=\"wp-block-group__inner-container is-layout-constrained wp-block-group-is-layout-constrained\">\n<p>A partir de ahora, tu abogado ser\u00e1 tu \u00e1ngel de la guarda. Nuestro asesoramiento legal protege tu negocio, tu patrimonio y tu familia. Y si hace falta, somos ese abogado implicado que se remanga y consigue lo que sea por ti.<\/p>\n\n\n\n<ul class=\"wp-block-list\">\n<li>Derecho mercantil y societario<\/li>\n\n\n\n<li>Derecho laboral<\/li>\n\n\n\n<li>Conflictos y litigios<\/li>\n\n\n\n<li>Reclamaci\u00f3n de deudas e impagos<\/li>\n\n\n\n<li>Derecho civil<\/li>\n\n\n\n<li>Derecho bancario<\/li>\n<\/ul>\n<\/div><\/div>\n<\/div>\n\n\n\n<div class=\"wp-block-column e-bg-transparent is-layout-flow wp-block-column-is-layout-flow\"><\/div>\n<\/div>\n<\/div><\/section>\n","protected":false},"excerpt":{"rendered":"<p>En nuestra asesor\u00eda de Palafrugell, nos dedicamos a hacer la vida m\u00e1s f\u00e1cil a empresas de todos los tama\u00f1os, con soluciones a medida en fiscalidad, contabilidad, laboral y servicios jur\u00eddicos. Sabemos que cada negocio es diferente, y que detr\u00e1s de cada empresa, hay personas. En Expertia, tenemos una forma de hacer las cosas cercana y [&hellip;]<\/p>\n","protected":false},"author":1,"featured_media":297,"parent":0,"menu_order":3,"comment_status":"closed","ping_status":"closed","template":"como-te-ayudamos.php","meta":{"_acf_changed":false,"footnotes":""},"class_list":["post-270","page","type-page","status-publish","has-post-thumbnail","hentry"],"acf":[],"yoast_head":"<!-- This site is optimized with the Yoast SEO plugin v24.9 - https:\/\/yoast.com\/wordpress\/plugins\/seo\/ -->\n<title>\u00bfC\u00f3mo te ayudamos? - EXPERTIA GRUP Servicios de asesor\u00eda y gestor\u00eda en Girona<\/title>\n<meta name=\"description\" content=\"Asesor\u00eda y gestor\u00eda Girona. Hacemos la vida f\u00e1cil a las empresas con asesoramiento y soluciones a medida en fiscalidad, contabilidad, laboral y jur\u00eddico.\" \/>\n<meta name=\"robots\" content=\"index, follow, max-snippet:-1, max-image-preview:large, max-video-preview:-1\" \/>\n<link rel=\"canonical\" href=\"https:\/\/expertiagrup.com\/es\/asesoriaempresaspalafrugell\/\" \/>\n<meta property=\"og:locale\" content=\"es_ES\" \/>\n<meta property=\"og:type\" content=\"article\" \/>\n<meta property=\"og:title\" content=\"\u00bfC\u00f3mo te ayudamos? - EXPERTIA GRUP Servicios de asesor\u00eda y gestor\u00eda en Girona\" \/>\n<meta property=\"og:description\" content=\"Asesor\u00eda y gestor\u00eda Girona. Hacemos la vida f\u00e1cil a las empresas con asesoramiento y soluciones a medida en fiscalidad, contabilidad, laboral y jur\u00eddico.\" \/>\n<meta property=\"og:url\" content=\"https:\/\/expertiagrup.com\/es\/asesoriaempresaspalafrugell\/\" \/>\n<meta property=\"og:site_name\" content=\"EXPERTIA GRUP\" \/>\n<meta property=\"article:modified_time\" content=\"2025-01-09T18:17:37+00:00\" \/>\n<meta property=\"og:image\" content=\"https:\/\/expertiagrup.com\/es\/wp-content\/uploads\/sites\/2\/b-quines-somos.jpg\" \/>\n\t<meta property=\"og:image:width\" content=\"1200\" \/>\n\t<meta property=\"og:image:height\" content=\"568\" \/>\n\t<meta property=\"og:image:type\" content=\"image\/jpeg\" \/>\n<meta name=\"twitter:card\" content=\"summary_large_image\" \/>\n<meta name=\"twitter:label1\" content=\"Tiempo de lectura\" \/>\n\t<meta name=\"twitter:data1\" content=\"4 minutos\" \/>\n<script type=\"application\/ld+json\" class=\"yoast-schema-graph\">{\"@context\":\"https:\/\/schema.org\",\"@graph\":[{\"@type\":\"WebPage\",\"@id\":\"https:\/\/expertiagrup.com\/es\/asesoriaempresaspalafrugell\/\",\"url\":\"https:\/\/expertiagrup.com\/es\/asesoriaempresaspalafrugell\/\",\"name\":\"\u00bfC\u00f3mo te ayudamos? - EXPERTIA GRUP Servicios de asesor\u00eda y gestor\u00eda en Girona\",\"isPartOf\":{\"@id\":\"https:\/\/expertiagrup.com\/es\/#website\"},\"primaryImageOfPage\":{\"@id\":\"https:\/\/expertiagrup.com\/es\/asesoriaempresaspalafrugell\/#primaryimage\"},\"image\":{\"@id\":\"https:\/\/expertiagrup.com\/es\/asesoriaempresaspalafrugell\/#primaryimage\"},\"thumbnailUrl\":\"https:\/\/expertiagrup.com\/es\/wp-content\/uploads\/sites\/2\/b-quines-somos.jpg\",\"datePublished\":\"2024-11-27T16:50:08+00:00\",\"dateModified\":\"2025-01-09T18:17:37+00:00\",\"description\":\"Asesor\u00eda y gestor\u00eda Girona. Hacemos la vida f\u00e1cil a las empresas con asesoramiento y soluciones a medida en fiscalidad, contabilidad, laboral y jur\u00eddico.\",\"breadcrumb\":{\"@id\":\"https:\/\/expertiagrup.com\/es\/asesoriaempresaspalafrugell\/#breadcrumb\"},\"inLanguage\":\"es\",\"potentialAction\":[{\"@type\":\"ReadAction\",\"target\":[\"https:\/\/expertiagrup.com\/es\/asesoriaempresaspalafrugell\/\"]}]},{\"@type\":\"ImageObject\",\"inLanguage\":\"es\",\"@id\":\"https:\/\/expertiagrup.com\/es\/asesoriaempresaspalafrugell\/#primaryimage\",\"url\":\"https:\/\/expertiagrup.com\/es\/wp-content\/uploads\/sites\/2\/b-quines-somos.jpg\",\"contentUrl\":\"https:\/\/expertiagrup.com\/es\/wp-content\/uploads\/sites\/2\/b-quines-somos.jpg\",\"width\":1200,\"height\":568},{\"@type\":\"BreadcrumbList\",\"@id\":\"https:\/\/expertiagrup.com\/es\/asesoriaempresaspalafrugell\/#breadcrumb\",\"itemListElement\":[{\"@type\":\"ListItem\",\"position\":1,\"name\":\"Portada\",\"item\":\"https:\/\/expertiagrup.com\/es\/\"},{\"@type\":\"ListItem\",\"position\":2,\"name\":\"\u00bfC\u00f3mo te ayudamos?\"}]},{\"@type\":\"WebSite\",\"@id\":\"https:\/\/expertiagrup.com\/es\/#website\",\"url\":\"https:\/\/expertiagrup.com\/es\/\",\"name\":\"EXPERTIA GRUP\",\"description\":\"Una Asesor\u00eda es m\u00e1s apropiada que una Consultor\u00eda para abordar soluciones de moderada complejidad en \u00e1mbitos donde el cliente cuenta con experiencia metodol\u00f3gica propia, pero donde a\u00fan as\u00ed requiere contrastar su enfoque con una visi\u00f3n externa, objetiva y experta\",\"potentialAction\":[{\"@type\":\"SearchAction\",\"target\":{\"@type\":\"EntryPoint\",\"urlTemplate\":\"https:\/\/expertiagrup.com\/es\/?s={search_term_string}\"},\"query-input\":{\"@type\":\"PropertyValueSpecification\",\"valueRequired\":true,\"valueName\":\"search_term_string\"}}],\"inLanguage\":\"es\"},{\"@type\":\"Person\",\"@id\":\"https:\/\/expertiagrup.com\/es\/#\/schema\/person\/b3914260d63095c4188dd7339683f647\",\"name\":\"ikrea\",\"image\":{\"@type\":\"ImageObject\",\"inLanguage\":\"es\",\"@id\":\"https:\/\/expertiagrup.com\/es\/#\/schema\/person\/image\/\",\"url\":\"https:\/\/secure.gravatar.com\/avatar\/f7a3e7854bad6d2a7307ec56769e036fb9588c2331f73884d3a9eb4322254492?s=96&d=mm&r=g\",\"contentUrl\":\"https:\/\/secure.gravatar.com\/avatar\/f7a3e7854bad6d2a7307ec56769e036fb9588c2331f73884d3a9eb4322254492?s=96&d=mm&r=g\",\"caption\":\"ikrea\"},\"sameAs\":[\"http:\/\/localhost\/expertia-wp\"],\"url\":\"https:\/\/expertiagrup.com\/es\/blog\/author\/ikrea\/\"}]}<\/script>\n<!-- \/ Yoast SEO plugin. -->","yoast_head_json":{"title":"\u00bfC\u00f3mo te ayudamos? - EXPERTIA GRUP Servicios de asesor\u00eda y gestor\u00eda en Girona","description":"Asesor\u00eda y gestor\u00eda Girona. Hacemos la vida f\u00e1cil a las empresas con asesoramiento y soluciones a medida en fiscalidad, contabilidad, laboral y jur\u00eddico.","robots":{"index":"index","follow":"follow","max-snippet":"max-snippet:-1","max-image-preview":"max-image-preview:large","max-video-preview":"max-video-preview:-1"},"canonical":"https:\/\/expertiagrup.com\/es\/asesoriaempresaspalafrugell\/","og_locale":"es_ES","og_type":"article","og_title":"\u00bfC\u00f3mo te ayudamos? - EXPERTIA GRUP Servicios de asesor\u00eda y gestor\u00eda en Girona","og_description":"Asesor\u00eda y gestor\u00eda Girona. Hacemos la vida f\u00e1cil a las empresas con asesoramiento y soluciones a medida en fiscalidad, contabilidad, laboral y jur\u00eddico.","og_url":"https:\/\/expertiagrup.com\/es\/asesoriaempresaspalafrugell\/","og_site_name":"EXPERTIA GRUP","article_modified_time":"2025-01-09T18:17:37+00:00","og_image":[{"width":1200,"height":568,"url":"https:\/\/expertiagrup.com\/es\/wp-content\/uploads\/sites\/2\/b-quines-somos.jpg","type":"image\/jpeg"}],"twitter_card":"summary_large_image","twitter_misc":{"Tiempo de lectura":"4 minutos"},"schema":{"@context":"https:\/\/schema.org","@graph":[{"@type":"WebPage","@id":"https:\/\/expertiagrup.com\/es\/asesoriaempresaspalafrugell\/","url":"https:\/\/expertiagrup.com\/es\/asesoriaempresaspalafrugell\/","name":"\u00bfC\u00f3mo te ayudamos? - EXPERTIA GRUP Servicios de asesor\u00eda y gestor\u00eda en Girona","isPartOf":{"@id":"https:\/\/expertiagrup.com\/es\/#website"},"primaryImageOfPage":{"@id":"https:\/\/expertiagrup.com\/es\/asesoriaempresaspalafrugell\/#primaryimage"},"image":{"@id":"https:\/\/expertiagrup.com\/es\/asesoriaempresaspalafrugell\/#primaryimage"},"thumbnailUrl":"https:\/\/expertiagrup.com\/es\/wp-content\/uploads\/sites\/2\/b-quines-somos.jpg","datePublished":"2024-11-27T16:50:08+00:00","dateModified":"2025-01-09T18:17:37+00:00","description":"Asesor\u00eda y gestor\u00eda Girona. Hacemos la vida f\u00e1cil a las empresas con asesoramiento y soluciones a medida en fiscalidad, contabilidad, laboral y jur\u00eddico.","breadcrumb":{"@id":"https:\/\/expertiagrup.com\/es\/asesoriaempresaspalafrugell\/#breadcrumb"},"inLanguage":"es","potentialAction":[{"@type":"ReadAction","target":["https:\/\/expertiagrup.com\/es\/asesoriaempresaspalafrugell\/"]}]},{"@type":"ImageObject","inLanguage":"es","@id":"https:\/\/expertiagrup.com\/es\/asesoriaempresaspalafrugell\/#primaryimage","url":"https:\/\/expertiagrup.com\/es\/wp-content\/uploads\/sites\/2\/b-quines-somos.jpg","contentUrl":"https:\/\/expertiagrup.com\/es\/wp-content\/uploads\/sites\/2\/b-quines-somos.jpg","width":1200,"height":568},{"@type":"BreadcrumbList","@id":"https:\/\/expertiagrup.com\/es\/asesoriaempresaspalafrugell\/#breadcrumb","itemListElement":[{"@type":"ListItem","position":1,"name":"Portada","item":"https:\/\/expertiagrup.com\/es\/"},{"@type":"ListItem","position":2,"name":"\u00bfC\u00f3mo te ayudamos?"}]},{"@type":"WebSite","@id":"https:\/\/expertiagrup.com\/es\/#website","url":"https:\/\/expertiagrup.com\/es\/","name":"EXPERTIA GRUP","description":"Una Asesor\u00eda es m\u00e1s apropiada que una Consultor\u00eda para abordar soluciones de moderada complejidad en \u00e1mbitos donde el cliente cuenta con experiencia metodol\u00f3gica propia, pero donde a\u00fan as\u00ed requiere contrastar su enfoque con una visi\u00f3n externa, objetiva y experta","potentialAction":[{"@type":"SearchAction","target":{"@type":"EntryPoint","urlTemplate":"https:\/\/expertiagrup.com\/es\/?s={search_term_string}"},"query-input":{"@type":"PropertyValueSpecification","valueRequired":true,"valueName":"search_term_string"}}],"inLanguage":"es"},{"@type":"Person","@id":"https:\/\/expertiagrup.com\/es\/#\/schema\/person\/b3914260d63095c4188dd7339683f647","name":"ikrea","image":{"@type":"ImageObject","inLanguage":"es","@id":"https:\/\/expertiagrup.com\/es\/#\/schema\/person\/image\/","url":"https:\/\/secure.gravatar.com\/avatar\/f7a3e7854bad6d2a7307ec56769e036fb9588c2331f73884d3a9eb4322254492?s=96&d=mm&r=g","contentUrl":"https:\/\/secure.gravatar.com\/avatar\/f7a3e7854bad6d2a7307ec56769e036fb9588c2331f73884d3a9eb4322254492?s=96&d=mm&r=g","caption":"ikrea"},"sameAs":["http:\/\/localhost\/expertia-wp"],"url":"https:\/\/expertiagrup.com\/es\/blog\/author\/ikrea\/"}]}},"_links":{"self":[{"href":"https:\/\/expertiagrup.com\/es\/wp-json\/wp\/v2\/pages\/270","targetHints":{"allow":["GET"]}}],"collection":[{"href":"https:\/\/expertiagrup.com\/es\/wp-json\/wp\/v2\/pages"}],"about":[{"href":"https:\/\/expertiagrup.com\/es\/wp-json\/wp\/v2\/types\/page"}],"author":[{"embeddable":true,"href":"https:\/\/expertiagrup.com\/es\/wp-json\/wp\/v2\/users\/1"}],"replies":[{"embeddable":true,"href":"https:\/\/expertiagrup.com\/es\/wp-json\/wp\/v2\/comments?post=270"}],"version-history":[{"count":16,"href":"https:\/\/expertiagrup.com\/es\/wp-json\/wp\/v2\/pages\/270\/revisions"}],"predecessor-version":[{"id":312,"href":"https:\/\/expertiagrup.com\/es\/wp-json\/wp\/v2\/pages\/270\/revisions\/312"}],"wp:featuredmedia":[{"embeddable":true,"href":"https:\/\/expertiagrup.com\/es\/wp-json\/wp\/v2\/media\/297"}],"wp:attachment":[{"href":"https:\/\/expertiagrup.com\/es\/wp-json\/wp\/v2\/media?parent=270"}],"curies":[{"name":"wp","href":"https:\/\/api.w.org\/{rel}","templated":true}]}}