{"id":210,"date":"2022-03-27T08:33:29","date_gmt":"2022-03-27T08:33:29","guid":{"rendered":"https:\/\/expertiagrup.com\/?page_id=210"},"modified":"2024-11-20T09:24:12","modified_gmt":"2024-11-20T09:24:12","slug":"politica-cookies","status":"publish","type":"page","link":"https:\/\/expertiagrup.com\/es\/politica-cookies\/","title":{"rendered":"Pol\u00edtica de cookies"},"content":{"rendered":"<p>Actualizada: 14\/03\/2022<\/p>\n<p>Versi\u00f3n: 3<\/p>\n<p>El sitio web <strong>https:\/\/expertiagrup.com<\/strong> es responsabilidad de EXPERTIA GRUP BAIX EMPORD\u00c0, S.L., (en adelante EXPERTIA), con domicilio social en C.\/ Begur, 34 de 17200 Palafrugell (Girona) amb CIF n\u00ba B02850816 y direcci\u00f3n de correo electr\u00f3nico <strong>info@expertiagrup.com<\/strong>.<\/p>\n<p>Consecuentemente, la utilizaci\u00f3n de cookies se le aplica la presente \u00abPol\u00edtica de Uso de Cookies\u00bb que ha sido elaborada con el fin de que el usuario quede informado de los diferentes usos que se llevan a cabo en estos dispositivos y, pueda consentir su tratamiento de manera informada, de conformidad con lo previsto en la legislaci\u00f3n vigente.<\/p>\n<p><strong>\u00a0<\/strong><\/p>\n<h3><strong>\u00bfQu\u00e9 es una cookie?<\/strong><\/h3>\n<p>Una cookie es un fichero que se descarga en su ordenador al acceder el Usuario a determinadas p\u00e1ginas web. Las cookies permiten a una p\u00e1gina web, entre otras cosas, almacenar y recuperar informaci\u00f3n sobre los h\u00e1bitos de navegaci\u00f3n de un usuario o de su equipo y, dependiendo de la informaci\u00f3n que contengan y de la forma en que utilice su equipo, pueden utilizarse para reconocer al usuario.<\/p>\n<p>&nbsp;<\/p>\n<h3><strong>\u00bfQu\u00e9 tipos de cookies existen?<\/strong><\/h3>\n<p><strong>\u00a0<\/strong>Existen varios tipos de cookies en funci\u00f3n de distintos criterios:<\/p>\n<p>En funci\u00f3n del tiempo que permanecen activadas:<\/p>\n<ul>\n<li>Cookies de sesi\u00f3n. Son un tipo de cookies dise\u00f1adas para recabar y almacenar datos mientras el usuario accede a una p\u00e1gina web.<\/li>\n<li>Cookies permanentes: Son un tipo de cookies en el que los datos siguen almacenados en el terminal y pueden ser accedidos y tratados durante un periodo definido por el responsable de la cookie.<\/li>\n<\/ul>\n<p>&nbsp;<\/p>\n<p>En funci\u00f3n de la titularidad:<\/p>\n<ul>\n<li>Cookies propias. Son las que pertenecen a EXPERTIA<\/li>\n<li>Cookies de terceros. Son aquellas cuya titularidad es de un tercero, distinto de EXPERTIA, que ser\u00e1 quien trate la informaci\u00f3n recabada.<\/li>\n<\/ul>\n<p>&nbsp;<\/p>\n<p>En funci\u00f3n de su finalidad:<\/p>\n<ul>\n<li>Cookies t\u00e9cnicas y\/o de personalizaci\u00f3n. Son aqu\u00e9llas que sirven para mejorar el servicio, localizar incidencias, reconocer al usuario, etc.<\/li>\n<li>Cookies de an\u00e1lisis y\/o de publicidad. Son aqu\u00e9llas que sirven para analizar informaci\u00f3n sobre la navegaci\u00f3n y ofrecer publicidad, sea gen\u00e9rica o personalizada.<\/li>\n<\/ul>\n<p>&nbsp;<\/p>\n<h3><strong>\u00bfQu\u00e9 tipos de cookies son m\u00e1s habituales?<\/strong><\/h3>\n<p>T\u00c9CNICAS: Son cookies PROPIAS, de sesi\u00f3n, de identificaci\u00f3n, de configuraci\u00f3n y de registro, estrictamente necesarias para la identificaci\u00f3n del usuario y para la prestaci\u00f3n de los servicios solicitados por el usuario. La informaci\u00f3n obtenida a trav\u00e9s de las mismas es tratada \u00fanicamente por EXPERTIA<\/p>\n<p>DE AN\u00c1LISIS: Son aqu\u00e9llas que, bien tratadas por nosotros o por terceros, nos permiten cuantificar el n\u00famero de usuarios y as\u00ed realizar la medici\u00f3n y an\u00e1lisis estad\u00edstico de la utilizaci\u00f3n que hacen los usuarios del servicio ofertado. Para ello se analiza su navegaci\u00f3n en nuestra p\u00e1gina web con el fin de mejorar la oferta de productos o servicios que le ofrecemos.<\/p>\n<p>DE PUBLICIDAD: Son aqu\u00e9llas que, bien tratadas por nosotros o por terceros, permiten la gesti\u00f3n, de la forma m\u00e1s eficaz posible, de los espacios publicitarios que se pudieran incluir en nuestra p\u00e1gina web y\/o almacenan informaci\u00f3n del comportamiento de los usuarios obtenida a trav\u00e9s de la observaci\u00f3n continuada. Gracias a ellas, podemos conocer los h\u00e1bitos de navegaci\u00f3n en internet y mostrarle publicidad relacionada con su perfil de navegaci\u00f3n.<\/p>\n<p>&nbsp;<\/p>\n<h3><strong>\u00bfPara qu\u00e9 sirve una cookie?<\/strong><\/h3>\n<p>Las cookies se utilizan para poder ofrecerle servicios y\/o publicidad personalizados, para analizar el funcionamiento del sistema, reconocerle cuando accede como usuario, localizar incidencias y problemas que puedan surgir y solventarlos en el menor plazo posible, as\u00ed como analizar y medir el uso y actividad de la p\u00e1gina web.<\/p>\n<p>&nbsp;<\/p>\n<p><strong>\u00bfSe necesita mi consentimiento para implantar una cookie?<\/strong><\/p>\n<p>No se precisa el consentimiento para la instalaci\u00f3n de cookies t\u00e9cnicas o las que sean estrictamente necesarias para la prestaci\u00f3n de un servicio de la sociedad de la informaci\u00f3n expresamente solicitado por el destinatario.<\/p>\n<p>Para el resto, s\u00ed se precisa del consentimiento del interesado que se puede solicitar por distintas v\u00edas. En el caso de EXPERTIA, se entender\u00e1 otorgado si Vd. sigue utilizando la p\u00e1gina web, sin perjuicio de que en cualquier momento podr\u00e1 revocarlo y desactivar las cookies.<\/p>\n<p>&nbsp;<\/p>\n<h3><strong>\u00bfQu\u00e9 tipos de cookies utiliza esta p\u00e1gina web?<\/strong><\/h3>\n<p>Cookies t\u00e9cnicas: Son aquellas creadas y gestionadas \u00fanicamente por nosotros, y permiten al usuario la navegaci\u00f3n a trav\u00e9s de nuestra p\u00e1gina web y la utilizaci\u00f3n de las diferentes opciones como, por ejemplo, identificar la sesi\u00f3n, personalizar informaci\u00f3n o acceder a zonas de acceso restringido.<\/p>\n<p>El lugar web de EXPERTIA, puede utilizar Google Analytics, una herramienta de anal\u00edtica web desarrollada por Google, que ayuda a los propietarios de sitios web a medir c\u00f3mo interact\u00faan los usuarios con el contenido del sitio. \u00a0Para la prestaci\u00f3n de estos servicios, Google Analytics utilizan cookies que recopilan la informaci\u00f3n, incluida la direcci\u00f3n IP del usuario que ser\u00e1 trasmitida, tratada y almacenada por Google en los t\u00e9rminos fijados en la web Google.com.<\/p>\n<p>Para m\u00e1s informaci\u00f3n ver:<\/p>\n<p><a href=\"https:\/\/developers.google.com\/analytics\/devguides\/collection\/analyticsjs\/cookie-usage\">https:\/\/developers.google.com\/analytics\/devguides\/collection\/analyticsjs\/cookie-usage<\/a><\/p>\n<p>El dominio web https:\/\/expertiagrup.com utilizan los siguientes tipos de cookies:<\/p>\n<table>\n<tbody>\n<tr>\n<td width=\"219\">Nombre de la cookie<\/td>\n<td width=\"403\">Finalidad<\/td>\n<td width=\"75\">Expira<\/td>\n<\/tr>\n<tr>\n<td width=\"219\">qtrans-front-language<\/p>\n<p>expertiagup.com<\/td>\n<td width=\"403\">Cookie de experiencia de usuario que se utiliza para determinar el lenguaje predeterminado.<\/p>\n<p>&nbsp;<\/td>\n<td width=\"75\">1 a\u00f1o<\/td>\n<\/tr>\n<tr>\n<td width=\"219\">PHPSESSID<\/p>\n<p>expertiagrup.clientlink.es<\/td>\n<td width=\"403\">Su finalidad es la de controlar la sesi\u00f3n del usuario. Necesarias para la navegaci\u00f3n y el buen funcionamiento de nuestra p\u00e1gina web.<\/p>\n<p>&nbsp;<\/td>\n<td width=\"75\">Al cerrar la sesi\u00f3n<\/td>\n<\/tr>\n<\/tbody>\n<\/table>\n<p><strong>\u00a0<\/strong><\/p>\n<h3><strong>\u00bfC\u00f3mo desactivar cookies?<\/strong><\/h3>\n<p>Puede permitir, bloquear o eliminar las cookies instaladas en su equipo mediante la configuraci\u00f3n de las opciones del navegador instalado en su ordenador.<\/p>\n<ul>\n<li>Firefox : <a href=\"https:\/\/support.mozilla.org\/es\/kb\/habilitar-y-deshabilitar-cookies-sitios-web-rastrear-preferencias?redirectlocale=es&amp;redirectslug=habilitar-y-deshabilitar-cookies-que-los-sitios-we\">https:\/\/support.mozilla.org\/es\/kb\/habilitar-y-deshabilitar-cookies-sitios-web-rastrear-preferencias?redirectlocale=es&amp;redirectslug=habilitar-y-deshabilitar-cookies-que-los-sitios-we<\/a><\/li>\n<li>Chrome: <a href=\"https:\/\/support.google.com\/chrome\/answer\/95647?hl=es\">https:\/\/support.google.com\/chrome\/answer\/95647?hl=es<\/a><\/li>\n<li>Internet Explorer: <a href=\"https:\/\/support.microsoft.com\/es-es\/products\/windows?os=windows-10\">https:\/\/support.microsoft.com\/es-es\/products\/windows?os=windows-10<\/a><\/li>\n<li>Safari: <a href=\"https:\/\/support.apple.com\/kb\/ph5042?locale=es_ES\">https:\/\/support.apple.com\/kb\/ph5042?locale=es_ES<\/a><\/li>\n<li>Safari para iOS: <a href=\"https:\/\/support.apple.com\/es-es\/HT201265\">https:\/\/support.apple.com\/es-es\/HT201265<\/a><\/li>\n<li>Opera: <a href=\"http:\/\/help.opera.com\/Windows\/11.50\/es-ES\/cookies.html\">http:\/\/help.opera.com\/Windows\/11.50\/es-ES\/cookies.html<\/a><\/li>\n<\/ul>\n<p>&nbsp;<\/p>\n<h3><strong>Ejercicio de derechos<\/strong><\/h3>\n<p>Puede conocer y ejercer sus derechos en materia de protecci\u00f3n de datos accediendo a nuestra pol\u00edtica de privacidad <u>https:\/\/expertiagrup.com\/es\/politica-privacidad<\/u>.<\/p>\n<p><strong>\u00a0<\/strong><\/p>\n<h3><strong>Informaci\u00f3n adicional<\/strong><\/h3>\n<p>Pueden consultar m\u00e1s informaci\u00f3n en la gu\u00eda sobre el uso de las cookies editada por la AGPD a: <a href=\"https:\/\/www.aepd.es\/sites\/default\/files\/2020-07\/guia-cookies.pdf\">https:\/\/www.aepd.es\/sites\/default\/files\/2020-07\/guia-cookies.pdf<\/a><\/p>\n","protected":false},"excerpt":{"rendered":"<p>Actualizada: 14\/03\/2022 Versi\u00f3n: 3 El sitio web https:\/\/expertiagrup.com es responsabilidad de EXPERTIA GRUP BAIX EMPORD\u00c0, S.L., (en adelante EXPERTIA), con domicilio social en C.\/ Begur, 34 de 17200 Palafrugell (Girona) amb CIF n\u00ba B02850816 y direcci\u00f3n de correo electr\u00f3nico info@expertiagrup.com. Consecuentemente, la utilizaci\u00f3n de cookies se le aplica la presente \u00abPol\u00edtica de Uso de Cookies\u00bb [&hellip;]<\/p>\n","protected":false},"author":1,"featured_media":0,"parent":0,"menu_order":9,"comment_status":"closed","ping_status":"closed","template":"","meta":{"_acf_changed":false,"footnotes":""},"class_list":["post-210","page","type-page","status-publish","hentry"],"acf":[],"yoast_head":"<!-- This site is optimized with the Yoast SEO plugin v24.9 - https:\/\/yoast.com\/wordpress\/plugins\/seo\/ -->\n<title>Pol\u00edtica de cookies - EXPERTIA GRUP<\/title>\n<meta name=\"description\" content=\"%\" \/>\n<meta name=\"robots\" content=\"index, follow, max-snippet:-1, max-image-preview:large, max-video-preview:-1\" \/>\n<link rel=\"canonical\" href=\"https:\/\/expertiagrup.com\/es\/politica-cookies\/\" \/>\n<meta property=\"og:locale\" content=\"es_ES\" \/>\n<meta property=\"og:type\" content=\"article\" \/>\n<meta property=\"og:title\" content=\"Pol\u00edtica de cookies - EXPERTIA GRUP\" \/>\n<meta property=\"og:description\" content=\"%\" \/>\n<meta property=\"og:url\" content=\"https:\/\/expertiagrup.com\/es\/politica-cookies\/\" \/>\n<meta property=\"og:site_name\" content=\"EXPERTIA GRUP\" \/>\n<meta property=\"article:modified_time\" content=\"2024-11-20T09:24:12+00:00\" \/>\n<meta name=\"twitter:card\" content=\"summary_large_image\" \/>\n<meta name=\"twitter:label1\" content=\"Tiempo de lectura\" \/>\n\t<meta name=\"twitter:data1\" content=\"6 minutos\" \/>\n<script type=\"application\/ld+json\" class=\"yoast-schema-graph\">{\"@context\":\"https:\/\/schema.org\",\"@graph\":[{\"@type\":\"WebPage\",\"@id\":\"https:\/\/expertiagrup.com\/es\/politica-cookies\/\",\"url\":\"https:\/\/expertiagrup.com\/es\/politica-cookies\/\",\"name\":\"Pol\u00edtica de cookies - EXPERTIA GRUP\",\"isPartOf\":{\"@id\":\"https:\/\/expertiagrup.com\/es\/#website\"},\"datePublished\":\"2022-03-27T08:33:29+00:00\",\"dateModified\":\"2024-11-20T09:24:12+00:00\",\"description\":\"%\",\"breadcrumb\":{\"@id\":\"https:\/\/expertiagrup.com\/es\/politica-cookies\/#breadcrumb\"},\"inLanguage\":\"es\",\"potentialAction\":[{\"@type\":\"ReadAction\",\"target\":[\"https:\/\/expertiagrup.com\/es\/politica-cookies\/\"]}]},{\"@type\":\"BreadcrumbList\",\"@id\":\"https:\/\/expertiagrup.com\/es\/politica-cookies\/#breadcrumb\",\"itemListElement\":[{\"@type\":\"ListItem\",\"position\":1,\"name\":\"Portada\",\"item\":\"https:\/\/expertiagrup.com\/es\/\"},{\"@type\":\"ListItem\",\"position\":2,\"name\":\"Pol\u00edtica de cookies\"}]},{\"@type\":\"WebSite\",\"@id\":\"https:\/\/expertiagrup.com\/es\/#website\",\"url\":\"https:\/\/expertiagrup.com\/es\/\",\"name\":\"EXPERTIA GRUP\",\"description\":\"Una Asesor\u00eda es m\u00e1s apropiada que una Consultor\u00eda para abordar soluciones de moderada complejidad en \u00e1mbitos donde el cliente cuenta con experiencia metodol\u00f3gica propia, pero donde a\u00fan as\u00ed requiere contrastar su enfoque con una visi\u00f3n externa, objetiva y experta\",\"potentialAction\":[{\"@type\":\"SearchAction\",\"target\":{\"@type\":\"EntryPoint\",\"urlTemplate\":\"https:\/\/expertiagrup.com\/es\/?s={search_term_string}\"},\"query-input\":{\"@type\":\"PropertyValueSpecification\",\"valueRequired\":true,\"valueName\":\"search_term_string\"}}],\"inLanguage\":\"es\"},{\"@type\":\"Person\",\"@id\":\"https:\/\/expertiagrup.com\/es\/#\/schema\/person\/b3914260d63095c4188dd7339683f647\",\"name\":\"ikrea\",\"image\":{\"@type\":\"ImageObject\",\"inLanguage\":\"es\",\"@id\":\"https:\/\/expertiagrup.com\/es\/#\/schema\/person\/image\/\",\"url\":\"https:\/\/secure.gravatar.com\/avatar\/f7a3e7854bad6d2a7307ec56769e036fb9588c2331f73884d3a9eb4322254492?s=96&d=mm&r=g\",\"contentUrl\":\"https:\/\/secure.gravatar.com\/avatar\/f7a3e7854bad6d2a7307ec56769e036fb9588c2331f73884d3a9eb4322254492?s=96&d=mm&r=g\",\"caption\":\"ikrea\"},\"sameAs\":[\"http:\/\/localhost\/expertia-wp\"],\"url\":\"https:\/\/expertiagrup.com\/es\/blog\/author\/ikrea\/\"}]}<\/script>\n<!-- \/ Yoast SEO plugin. -->","yoast_head_json":{"title":"Pol\u00edtica de cookies - EXPERTIA GRUP","description":"%","robots":{"index":"index","follow":"follow","max-snippet":"max-snippet:-1","max-image-preview":"max-image-preview:large","max-video-preview":"max-video-preview:-1"},"canonical":"https:\/\/expertiagrup.com\/es\/politica-cookies\/","og_locale":"es_ES","og_type":"article","og_title":"Pol\u00edtica de cookies - EXPERTIA GRUP","og_description":"%","og_url":"https:\/\/expertiagrup.com\/es\/politica-cookies\/","og_site_name":"EXPERTIA GRUP","article_modified_time":"2024-11-20T09:24:12+00:00","twitter_card":"summary_large_image","twitter_misc":{"Tiempo de lectura":"6 minutos"},"schema":{"@context":"https:\/\/schema.org","@graph":[{"@type":"WebPage","@id":"https:\/\/expertiagrup.com\/es\/politica-cookies\/","url":"https:\/\/expertiagrup.com\/es\/politica-cookies\/","name":"Pol\u00edtica de cookies - EXPERTIA GRUP","isPartOf":{"@id":"https:\/\/expertiagrup.com\/es\/#website"},"datePublished":"2022-03-27T08:33:29+00:00","dateModified":"2024-11-20T09:24:12+00:00","description":"%","breadcrumb":{"@id":"https:\/\/expertiagrup.com\/es\/politica-cookies\/#breadcrumb"},"inLanguage":"es","potentialAction":[{"@type":"ReadAction","target":["https:\/\/expertiagrup.com\/es\/politica-cookies\/"]}]},{"@type":"BreadcrumbList","@id":"https:\/\/expertiagrup.com\/es\/politica-cookies\/#breadcrumb","itemListElement":[{"@type":"ListItem","position":1,"name":"Portada","item":"https:\/\/expertiagrup.com\/es\/"},{"@type":"ListItem","position":2,"name":"Pol\u00edtica de cookies"}]},{"@type":"WebSite","@id":"https:\/\/expertiagrup.com\/es\/#website","url":"https:\/\/expertiagrup.com\/es\/","name":"EXPERTIA GRUP","description":"Una Asesor\u00eda es m\u00e1s apropiada que una Consultor\u00eda para abordar soluciones de moderada complejidad en \u00e1mbitos donde el cliente cuenta con experiencia metodol\u00f3gica propia, pero donde a\u00fan as\u00ed requiere contrastar su enfoque con una visi\u00f3n externa, objetiva y experta","potentialAction":[{"@type":"SearchAction","target":{"@type":"EntryPoint","urlTemplate":"https:\/\/expertiagrup.com\/es\/?s={search_term_string}"},"query-input":{"@type":"PropertyValueSpecification","valueRequired":true,"valueName":"search_term_string"}}],"inLanguage":"es"},{"@type":"Person","@id":"https:\/\/expertiagrup.com\/es\/#\/schema\/person\/b3914260d63095c4188dd7339683f647","name":"ikrea","image":{"@type":"ImageObject","inLanguage":"es","@id":"https:\/\/expertiagrup.com\/es\/#\/schema\/person\/image\/","url":"https:\/\/secure.gravatar.com\/avatar\/f7a3e7854bad6d2a7307ec56769e036fb9588c2331f73884d3a9eb4322254492?s=96&d=mm&r=g","contentUrl":"https:\/\/secure.gravatar.com\/avatar\/f7a3e7854bad6d2a7307ec56769e036fb9588c2331f73884d3a9eb4322254492?s=96&d=mm&r=g","caption":"ikrea"},"sameAs":["http:\/\/localhost\/expertia-wp"],"url":"https:\/\/expertiagrup.com\/es\/blog\/author\/ikrea\/"}]}},"_links":{"self":[{"href":"https:\/\/expertiagrup.com\/es\/wp-json\/wp\/v2\/pages\/210","targetHints":{"allow":["GET"]}}],"collection":[{"href":"https:\/\/expertiagrup.com\/es\/wp-json\/wp\/v2\/pages"}],"about":[{"href":"https:\/\/expertiagrup.com\/es\/wp-json\/wp\/v2\/types\/page"}],"author":[{"embeddable":true,"href":"https:\/\/expertiagrup.com\/es\/wp-json\/wp\/v2\/users\/1"}],"replies":[{"embeddable":true,"href":"https:\/\/expertiagrup.com\/es\/wp-json\/wp\/v2\/comments?post=210"}],"version-history":[{"count":7,"href":"https:\/\/expertiagrup.com\/es\/wp-json\/wp\/v2\/pages\/210\/revisions"}],"predecessor-version":[{"id":261,"href":"https:\/\/expertiagrup.com\/es\/wp-json\/wp\/v2\/pages\/210\/revisions\/261"}],"wp:attachment":[{"href":"https:\/\/expertiagrup.com\/es\/wp-json\/wp\/v2\/media?parent=210"}],"curies":[{"name":"wp","href":"https:\/\/api.w.org\/{rel}","templated":true}]}}