{"id":6,"date":"2021-09-20T16:09:15","date_gmt":"2021-09-20T16:09:15","guid":{"rendered":"http:\/\/localhost\/expertia-wp\/?page_id=6"},"modified":"2025-01-16T12:35:40","modified_gmt":"2025-01-16T12:35:40","slug":"home","status":"publish","type":"page","link":"https:\/\/expertiagrup.com\/ca\/","title":{"rendered":"Home"},"content":{"rendered":"\n<p>A Expertia Grup, ens dediquem amb cos i \u00e0nima a guiar empreses en temes fiscals, laborals, comptables i legals.<\/p>\n\n\n\n<p>Des del nostre despatx a Palafrugell, acompanyem aut\u00f2noms, emprenedors, pimes i empreses consolidades de tot Catalunya en el seu creixement.<\/p>\n\n\n\n<p>Som din\u00e0mics i resolutius. A Expertia, els problemes no s&#8217;encallen.<\/p>\n\n\n\n<p>Els nostres clients troben en Expertia el suport i la tranquil\u00b7litat que necessiten per concentrar la seva energia en els seus projectes empresarials.<\/p>\n","protected":false},"excerpt":{"rendered":"<p>A Expertia Grup, ens dediquem amb cos i \u00e0nima a guiar empreses en temes fiscals, laborals, comptables i legals. Des del nostre despatx a Palafrugell, acompanyem aut\u00f2noms, emprenedors, pimes i empreses consolidades de tot Catalunya en el seu creixement. Som din\u00e0mics i resolutius. A Expertia, els problemes no s&#8217;encallen. Els nostres clients troben en Expertia [&hellip;]<\/p>\n","protected":false},"author":1,"featured_media":0,"parent":0,"menu_order":1,"comment_status":"closed","ping_status":"closed","template":"","meta":{"_acf_changed":false,"footnotes":""},"class_list":["post-6","page","type-page","status-publish","hentry"],"acf":[],"yoast_head":"<!-- This site is optimized with the Yoast SEO plugin v24.9 - https:\/\/yoast.com\/wordpress\/plugins\/seo\/ -->\n<title>Home - EXPERTIA GRUP Assessoria per a empreses i aut\u00f2noms a Palafrugell<\/title>\n<meta name=\"description\" content=\"Assessoria per a empreses i aut\u00f2noms a Palafrugell. Ajudem empreses de tot Catalunya a cr\u00e9ixer amb serveis d\u2019assessoria fiscal, laboral, comptable i legal\" \/>\n<meta name=\"robots\" content=\"index, follow, max-snippet:-1, max-image-preview:large, max-video-preview:-1\" \/>\n<link rel=\"canonical\" href=\"https:\/\/expertiagrup.com\/ca\/\" \/>\n<meta property=\"og:locale\" content=\"ca_ES\" \/>\n<meta property=\"og:type\" content=\"article\" \/>\n<meta property=\"og:title\" content=\"Home - EXPERTIA GRUP Assessoria per a empreses i aut\u00f2noms a Palafrugell\" \/>\n<meta property=\"og:description\" content=\"Assessoria per a empreses i aut\u00f2noms a Palafrugell. Ajudem empreses de tot Catalunya a cr\u00e9ixer amb serveis d\u2019assessoria fiscal, laboral, comptable i legal\" \/>\n<meta property=\"og:url\" content=\"https:\/\/expertiagrup.com\/ca\/\" \/>\n<meta property=\"og:site_name\" content=\"EXPERTIA GRUP\" \/>\n<meta property=\"article:modified_time\" content=\"2025-01-16T12:35:40+00:00\" \/>\n<meta name=\"twitter:card\" content=\"summary_large_image\" \/>\n<meta name=\"twitter:label1\" content=\"Temps estimat de lectura\" \/>\n\t<meta name=\"twitter:data1\" content=\"1 minut\" \/>\n<script type=\"application\/ld+json\" class=\"yoast-schema-graph\">{\"@context\":\"https:\/\/schema.org\",\"@graph\":[{\"@type\":\"WebPage\",\"@id\":\"https:\/\/expertiagrup.com\/ca\/\",\"url\":\"https:\/\/expertiagrup.com\/ca\/\",\"name\":\"Home - EXPERTIA GRUP Assessoria per a empreses i aut\u00f2noms a Palafrugell\",\"isPartOf\":{\"@id\":\"https:\/\/expertiagrup.com\/ca\/#website\"},\"datePublished\":\"2021-09-20T16:09:15+00:00\",\"dateModified\":\"2025-01-16T12:35:40+00:00\",\"description\":\"Assessoria per a empreses i aut\u00f2noms a Palafrugell. Ajudem empreses de tot Catalunya a cr\u00e9ixer amb serveis d\u2019assessoria fiscal, laboral, comptable i legal\",\"breadcrumb\":{\"@id\":\"https:\/\/expertiagrup.com\/ca\/#breadcrumb\"},\"inLanguage\":\"ca\",\"potentialAction\":[{\"@type\":\"ReadAction\",\"target\":[\"https:\/\/expertiagrup.com\/ca\/\"]}]},{\"@type\":\"BreadcrumbList\",\"@id\":\"https:\/\/expertiagrup.com\/ca\/#breadcrumb\",\"itemListElement\":[{\"@type\":\"ListItem\",\"position\":1,\"name\":\"Portada\",\"item\":\"https:\/\/expertiagrup.com\/ca\/\"},{\"@type\":\"ListItem\",\"position\":2,\"name\":\"Home\"}]},{\"@type\":\"WebSite\",\"@id\":\"https:\/\/expertiagrup.com\/ca\/#website\",\"url\":\"https:\/\/expertiagrup.com\/ca\/\",\"name\":\"EXPERTIA GRUP\",\"description\":\"Una Assessoria \u00e9s m\u00e9s apropiada que una Consultoria per abordar solucions de moderada complexitat en \u00e0mbits on el client compta amb experi\u00e8ncia metodol\u00f2gica pr\u00f2pia, per\u00f2 on tot i aix\u00ed requereix contrastar el seu enfocament amb una visi\u00f3 externa, objectiva i experta\",\"potentialAction\":[{\"@type\":\"SearchAction\",\"target\":{\"@type\":\"EntryPoint\",\"urlTemplate\":\"https:\/\/expertiagrup.com\/ca\/?s={search_term_string}\"},\"query-input\":{\"@type\":\"PropertyValueSpecification\",\"valueRequired\":true,\"valueName\":\"search_term_string\"}}],\"inLanguage\":\"ca\"}]}<\/script>\n<!-- \/ Yoast SEO plugin. -->","yoast_head_json":{"title":"Home - EXPERTIA GRUP Assessoria per a empreses i aut\u00f2noms a Palafrugell","description":"Assessoria per a empreses i aut\u00f2noms a Palafrugell. Ajudem empreses de tot Catalunya a cr\u00e9ixer amb serveis d\u2019assessoria fiscal, laboral, comptable i legal","robots":{"index":"index","follow":"follow","max-snippet":"max-snippet:-1","max-image-preview":"max-image-preview:large","max-video-preview":"max-video-preview:-1"},"canonical":"https:\/\/expertiagrup.com\/ca\/","og_locale":"ca_ES","og_type":"article","og_title":"Home - EXPERTIA GRUP Assessoria per a empreses i aut\u00f2noms a Palafrugell","og_description":"Assessoria per a empreses i aut\u00f2noms a Palafrugell. Ajudem empreses de tot Catalunya a cr\u00e9ixer amb serveis d\u2019assessoria fiscal, laboral, comptable i legal","og_url":"https:\/\/expertiagrup.com\/ca\/","og_site_name":"EXPERTIA GRUP","article_modified_time":"2025-01-16T12:35:40+00:00","twitter_card":"summary_large_image","twitter_misc":{"Temps estimat de lectura":"1 minut"},"schema":{"@context":"https:\/\/schema.org","@graph":[{"@type":"WebPage","@id":"https:\/\/expertiagrup.com\/ca\/","url":"https:\/\/expertiagrup.com\/ca\/","name":"Home - EXPERTIA GRUP Assessoria per a empreses i aut\u00f2noms a Palafrugell","isPartOf":{"@id":"https:\/\/expertiagrup.com\/ca\/#website"},"datePublished":"2021-09-20T16:09:15+00:00","dateModified":"2025-01-16T12:35:40+00:00","description":"Assessoria per a empreses i aut\u00f2noms a Palafrugell. Ajudem empreses de tot Catalunya a cr\u00e9ixer amb serveis d\u2019assessoria fiscal, laboral, comptable i legal","breadcrumb":{"@id":"https:\/\/expertiagrup.com\/ca\/#breadcrumb"},"inLanguage":"ca","potentialAction":[{"@type":"ReadAction","target":["https:\/\/expertiagrup.com\/ca\/"]}]},{"@type":"BreadcrumbList","@id":"https:\/\/expertiagrup.com\/ca\/#breadcrumb","itemListElement":[{"@type":"ListItem","position":1,"name":"Portada","item":"https:\/\/expertiagrup.com\/ca\/"},{"@type":"ListItem","position":2,"name":"Home"}]},{"@type":"WebSite","@id":"https:\/\/expertiagrup.com\/ca\/#website","url":"https:\/\/expertiagrup.com\/ca\/","name":"EXPERTIA GRUP","description":"Una Assessoria \u00e9s m\u00e9s apropiada que una Consultoria per abordar solucions de moderada complexitat en \u00e0mbits on el client compta amb experi\u00e8ncia metodol\u00f2gica pr\u00f2pia, per\u00f2 on tot i aix\u00ed requereix contrastar el seu enfocament amb una visi\u00f3 externa, objectiva i experta","potentialAction":[{"@type":"SearchAction","target":{"@type":"EntryPoint","urlTemplate":"https:\/\/expertiagrup.com\/ca\/?s={search_term_string}"},"query-input":{"@type":"PropertyValueSpecification","valueRequired":true,"valueName":"search_term_string"}}],"inLanguage":"ca"}]}},"_links":{"self":[{"href":"https:\/\/expertiagrup.com\/ca\/wp-json\/wp\/v2\/pages\/6","targetHints":{"allow":["GET"]}}],"collection":[{"href":"https:\/\/expertiagrup.com\/ca\/wp-json\/wp\/v2\/pages"}],"about":[{"href":"https:\/\/expertiagrup.com\/ca\/wp-json\/wp\/v2\/types\/page"}],"author":[{"embeddable":true,"href":"https:\/\/expertiagrup.com\/ca\/wp-json\/wp\/v2\/users\/1"}],"replies":[{"embeddable":true,"href":"https:\/\/expertiagrup.com\/ca\/wp-json\/wp\/v2\/comments?post=6"}],"version-history":[{"count":2,"href":"https:\/\/expertiagrup.com\/ca\/wp-json\/wp\/v2\/pages\/6\/revisions"}],"predecessor-version":[{"id":265,"href":"https:\/\/expertiagrup.com\/ca\/wp-json\/wp\/v2\/pages\/6\/revisions\/265"}],"wp:attachment":[{"href":"https:\/\/expertiagrup.com\/ca\/wp-json\/wp\/v2\/media?parent=6"}],"curies":[{"name":"wp","href":"https:\/\/api.w.org\/{rel}","templated":true}]}}