{"id":267,"date":"2025-01-10T19:57:36","date_gmt":"2025-01-10T19:57:36","guid":{"rendered":"https:\/\/expertiagrup.com\/ca\/?page_id=267"},"modified":"2025-01-20T11:33:16","modified_gmt":"2025-01-20T11:33:16","slug":"assessoriaempresespalafrugell","status":"publish","type":"page","link":"https:\/\/expertiagrup.com\/ca\/assessoriaempresespalafrugell\/","title":{"rendered":"Com t\u2019ajudem?"},"content":{"rendered":"\n<p>A la nostra assessoria de Palafrugell, ens dediquem a fer la vida m\u00e9s f\u00e0cil a empreses de totes les dimensions, amb solucions a mida en fiscalitat, comptabilitat, laboral i serveis jur\u00eddics.<\/p>\n\n\n\n<p>Sabem que cada negoci \u00e9s diferent i que, darrere de cada empresa, hi ha persones. A Expertia, tenim una manera de fer les coses propera i directa. Aqu\u00ed, els nostres clients es troben com a casa.<\/p>\n\n\n\n<p>A m\u00e9s, som empresaris com tu, i sabem qu\u00e8 cal per cr\u00e9ixer. Som aqu\u00ed per recolzar-te, optimitzar la teva gesti\u00f3 fiscal, mantenir al dia la teva comptabilitat, gestionar els teus recursos humans o donar-te suport legal quan ho necessitis.<\/p>\n\n\n\n<div style=\"height:30px\" aria-hidden=\"true\" class=\"wp-block-spacer\"><\/div>\n\n\n\n<section class=\"wp-block-group e-grid-services\"><div class=\"wp-block-group__inner-container is-layout-constrained wp-block-group-is-layout-constrained\">\n<div class=\"wp-block-columns is-layout-flex wp-container-core-columns-is-layout-9d6595d7 wp-block-columns-is-layout-flex\">\n<div class=\"wp-block-column is-layout-flow wp-block-column-is-layout-flow\">\n<header class=\"wp-block-group\"><div class=\"wp-block-group__inner-container is-layout-constrained wp-block-group-is-layout-constrained\"><div class=\"wp-block-image\">\n<figure class=\"alignleft size-full is-resized\"><img decoding=\"async\" src=\"https:\/\/expertiagrup.com\/es\/wp-content\/uploads\/sites\/2\/arrow-double-big-1.svg\" alt=\"\" class=\"wp-image-279\" style=\"width:34px;height:auto\"\/><\/figure>\n<\/div>\n\n\n<h3 class=\"wp-block-heading\"><strong>Assessorament i consultoria<\/strong><\/h3>\n<\/div><\/header>\n\n\n\n<div class=\"wp-block-group e-grid-services__content\"><div class=\"wp-block-group__inner-container is-layout-constrained wp-block-group-is-layout-constrained\">\n<p>No est\u00e0s sol. Compta amb Expertia com a assessor estrat\u00e8gic per transformar el teu negoci i fer-lo cr\u00e9ixer. T\u2019oferim aquesta visi\u00f3 externa i experta que t\u2019ajuda a dirigir la teva empresa amb seguretat i tranquil\u00b7litat.<\/p>\n\n\n\n<ul class=\"wp-block-list\">\n<li>Estrat\u00e8gia empresarial<\/li>\n\n\n\n<li>An\u00e0lisi de mercat i compet\u00e8ncia<\/li>\n\n\n\n<li>Plans de viabilitat<\/li>\n\n\n\n<li>Reestructuraci\u00f3 organitzativa<\/li>\n\n\n\n<li>Millora de processos<\/li>\n\n\n\n<li>Expansi\u00f3 i creixement<\/li>\n<\/ul>\n<\/div><\/div>\n<\/div>\n\n\n\n<div class=\"wp-block-column is-layout-flow wp-block-column-is-layout-flow\">\n<header class=\"wp-block-group\"><div class=\"wp-block-group__inner-container is-layout-constrained wp-block-group-is-layout-constrained\"><div class=\"wp-block-image\">\n<figure class=\"alignleft size-full is-resized\"><img decoding=\"async\" src=\"https:\/\/expertiagrup.com\/es\/wp-content\/uploads\/sites\/2\/arrow-double-big-1.svg\" alt=\"\" class=\"wp-image-279\" style=\"width:34px;height:auto\"\/><\/figure>\n<\/div>\n\n\n<h3 class=\"wp-block-heading\"><strong><strong><strong>Assessoria comptable<\/strong><\/strong><\/strong><\/h3>\n<\/div><\/header>\n\n\n\n<div class=\"wp-block-group e-grid-services__content\"><div class=\"wp-block-group__inner-container is-layout-constrained wp-block-group-is-layout-constrained\">\n<p>La comptabilitat t\u00e9 molt de \u201csex appeal\u201d. Tal com ho sents. Portar els teus comptes en ordre i amb precisi\u00f3 et d\u00f3na informaci\u00f3 de gran valor per prendre decisions a la teva empresa. Som l\u2019equip que necessites perqu\u00e8 res no falli en aquest proc\u00e9s.<\/p>\n\n\n\n<ul class=\"wp-block-list\">\n<li>Assessorament<\/li>\n\n\n\n<li>Planificaci\u00f3 comptable<\/li>\n\n\n\n<li>Llibres comptables<\/li>\n\n\n\n<li>Comptes anuals<\/li>\n\n\n\n<li>Control de tresoreria<\/li>\n\n\n\n<li>Externalitzaci\u00f3 de la comptabilitat<\/li>\n<\/ul>\n<\/div><\/div>\n<\/div>\n<\/div>\n\n\n\n<div style=\"height:30px\" aria-hidden=\"true\" class=\"wp-block-spacer\"><\/div>\n\n\n\n<div class=\"wp-block-columns is-layout-flex wp-container-core-columns-is-layout-9d6595d7 wp-block-columns-is-layout-flex\">\n<div class=\"wp-block-column is-layout-flow wp-block-column-is-layout-flow\">\n<header class=\"wp-block-group\"><div class=\"wp-block-group__inner-container is-layout-constrained wp-block-group-is-layout-constrained\"><div class=\"wp-block-image\">\n<figure class=\"alignleft size-full is-resized\"><img decoding=\"async\" src=\"https:\/\/expertiagrup.com\/es\/wp-content\/uploads\/sites\/2\/arrow-double-big-1.svg\" alt=\"\" class=\"wp-image-279\" style=\"width:34px;height:auto\"\/><\/figure>\n<\/div>\n\n\n<h3 class=\"wp-block-heading\"><strong><strong><strong><strong><strong><strong>Assessoria fiscal<\/strong><\/strong><\/strong><\/strong><\/strong><\/strong><\/h3>\n<\/div><\/header>\n\n\n\n<div class=\"wp-block-group e-grid-services__content\"><div class=\"wp-block-group__inner-container is-layout-constrained wp-block-group-is-layout-constrained\">\n<p>Que els impostos no et facin perdre la son! A Expertia assessorem, planifiquem i oferim solucions per optimitzar la fiscalitat de la teva empresa i el teu patrimoni. Alhora, assegurem que compleixis amb la legalitat i t\u2019estalvi\u00efs disgustos en el futur.<\/p>\n\n\n\n<ul class=\"wp-block-list\">\n<li>Planificaci\u00f3 fiscal<\/li>\n\n\n\n<li>Preparaci\u00f3 i presentaci\u00f3 dels impostos<\/li>\n\n\n\n<li>Inspeccions i recursos tributaris<\/li>\n\n\n\n<li>Fiscalitat en operacions societ\u00e0ries<\/li>\n\n\n\n<li>Fiscalitat patrimonial i success\u00f2ria<\/li>\n\n\n\n<li>Assessorament en r\u00e8gims especials<\/li>\n<\/ul>\n<\/div><\/div>\n<\/div>\n\n\n\n<div class=\"wp-block-column is-layout-flow wp-block-column-is-layout-flow\">\n<header class=\"wp-block-group\"><div class=\"wp-block-group__inner-container is-layout-constrained wp-block-group-is-layout-constrained\"><div class=\"wp-block-image\">\n<figure class=\"alignleft size-full is-resized\"><img decoding=\"async\" src=\"https:\/\/expertiagrup.com\/es\/wp-content\/uploads\/sites\/2\/arrow-double-big-1.svg\" alt=\"\" class=\"wp-image-279\" style=\"width:34px;height:auto\"\/><\/figure>\n<\/div>\n\n\n<h3 class=\"wp-block-heading\"><strong><strong><strong><strong><strong><strong><strong>Assessoria laboral<\/strong><\/strong><\/strong><\/strong><\/strong><\/strong><\/strong><\/h3>\n<\/div><\/header>\n\n\n\n<div class=\"wp-block-group e-grid-services__content\"><div class=\"wp-block-group__inner-container is-layout-constrained wp-block-group-is-layout-constrained\">\n<p>El m\u00e9s important de la teva empresa s\u00f3n les persones. Cuida el teu equip! Des de la gesti\u00f3 de n\u00f2mines fins al compliment de la legislaci\u00f3, i tamb\u00e9 com a assessors estrat\u00e8gics, ens encarreguem dels detalls perqu\u00e8 tu et concentris a liderar.<\/p>\n\n\n\n<ul class=\"wp-block-list\">\n<li>Gesti\u00f3 de contractacions<\/li>\n\n\n\n<li>Elaboraci\u00f3 de n\u00f2mines<\/li>\n\n\n\n<li>Inspeccions de treball<\/li>\n\n\n\n<li>Acomiadaments i extincions laborals<\/li>\n\n\n\n<li>Tramitaci\u00f3 d\u2019incapacitats i baixes<\/li>\n\n\n\n<li>Jubilacions i incapacitats permanents<\/li>\n<\/ul>\n<\/div><\/div>\n<\/div>\n<\/div>\n\n\n\n<div style=\"height:30px\" aria-hidden=\"true\" class=\"wp-block-spacer\"><\/div>\n\n\n\n<div class=\"wp-block-columns is-layout-flex wp-container-core-columns-is-layout-9d6595d7 wp-block-columns-is-layout-flex\">\n<div class=\"wp-block-column is-layout-flow wp-block-column-is-layout-flow\">\n<header class=\"wp-block-group\"><div class=\"wp-block-group__inner-container is-layout-constrained wp-block-group-is-layout-constrained\"><div class=\"wp-block-image\">\n<figure class=\"alignleft size-full is-resized\"><img decoding=\"async\" src=\"https:\/\/expertiagrup.com\/es\/wp-content\/uploads\/sites\/2\/arrow-double-big-1.svg\" alt=\"\" class=\"wp-image-279\" style=\"width:34px;height:auto\"\/><\/figure>\n<\/div>\n\n\n<h3 class=\"wp-block-heading\"><strong><strong><strong><strong><strong><strong><strong><strong><strong><strong>Assessoria jur\u00eddica<\/strong><\/strong><\/strong><\/strong><\/strong><\/strong><\/strong><\/strong><\/strong><\/strong><\/h3>\n<\/div><\/header>\n\n\n\n<div class=\"wp-block-group e-grid-services__content\"><div class=\"wp-block-group__inner-container is-layout-constrained wp-block-group-is-layout-constrained\">\n<p>A partir d&#8217;ara, el teu advocat ser\u00e0 el teu \u00e0ngel de la guarda. El nostre assessorament legal protegeix el teu negoci, el teu patrimoni i la teva fam\u00edlia. I, si cal, som aquell advocat implicat que es crema les celles i aconsegueix el que sigui per tu.<\/p>\n\n\n\n<ul class=\"wp-block-list\">\n<li>Dret mercantil i societari<\/li>\n\n\n\n<li>Dret laboral<\/li>\n\n\n\n<li>Conflictes i litigis<\/li>\n\n\n\n<li>Reclamaci\u00f3 de deutes i impagaments<\/li>\n\n\n\n<li>Dret civil<\/li>\n\n\n\n<li>Dret bancari<\/li>\n<\/ul>\n<\/div><\/div>\n<\/div>\n\n\n\n<div class=\"wp-block-column e-bg-transparent is-layout-flow wp-block-column-is-layout-flow\"><\/div>\n<\/div>\n<\/div><\/section>\n\n\n\n<p><\/p>\n","protected":false},"excerpt":{"rendered":"<p>A la nostra assessoria de Palafrugell, ens dediquem a fer la vida m\u00e9s f\u00e0cil a empreses de totes les dimensions, amb solucions a mida en fiscalitat, comptabilitat, laboral i serveis jur\u00eddics. Sabem que cada negoci \u00e9s diferent i que, darrere de cada empresa, hi ha persones. A Expertia, tenim una manera de fer les coses [&hellip;]<\/p>\n","protected":false},"author":1,"featured_media":268,"parent":0,"menu_order":2,"comment_status":"closed","ping_status":"closed","template":"como-te-ayudamos.php","meta":{"_acf_changed":false,"footnotes":""},"class_list":["post-267","page","type-page","status-publish","has-post-thumbnail","hentry"],"acf":[],"yoast_head":"<!-- This site is optimized with the Yoast SEO plugin v24.9 - https:\/\/yoast.com\/wordpress\/plugins\/seo\/ -->\n<title>Com t\u2019ajudem? - EXPERTIA GRUP Serveis d\u2019assessoria i gestoria a Girona<\/title>\n<meta name=\"description\" content=\"Assessoria i gestoria a Girona. Facilitem la vida a les empreses amb assessorament i solucions a mida en fiscalitat, comptabilitat, \u00e0mbits laborals i jur\u00eddics.\" \/>\n<meta name=\"robots\" content=\"index, follow, max-snippet:-1, max-image-preview:large, max-video-preview:-1\" \/>\n<link rel=\"canonical\" href=\"https:\/\/expertiagrup.com\/ca\/assessoriaempresespalafrugell\/\" \/>\n<meta property=\"og:locale\" content=\"ca_ES\" \/>\n<meta property=\"og:type\" content=\"article\" \/>\n<meta property=\"og:title\" content=\"Com t\u2019ajudem? - EXPERTIA GRUP Serveis d\u2019assessoria i gestoria a Girona\" \/>\n<meta property=\"og:description\" content=\"Assessoria i gestoria a Girona. Facilitem la vida a les empreses amb assessorament i solucions a mida en fiscalitat, comptabilitat, \u00e0mbits laborals i jur\u00eddics.\" \/>\n<meta property=\"og:url\" content=\"https:\/\/expertiagrup.com\/ca\/assessoriaempresespalafrugell\/\" \/>\n<meta property=\"og:site_name\" content=\"EXPERTIA GRUP\" \/>\n<meta property=\"article:modified_time\" content=\"2025-01-20T11:33:16+00:00\" \/>\n<meta property=\"og:image\" content=\"https:\/\/expertiagrup.com\/ca\/wp-content\/uploads\/sites\/3\/b-quines-somos.jpg\" \/>\n\t<meta property=\"og:image:width\" content=\"1200\" \/>\n\t<meta property=\"og:image:height\" content=\"568\" \/>\n\t<meta property=\"og:image:type\" content=\"image\/jpeg\" \/>\n<meta name=\"twitter:card\" content=\"summary_large_image\" \/>\n<meta name=\"twitter:label1\" content=\"Temps estimat de lectura\" \/>\n\t<meta name=\"twitter:data1\" content=\"4 minuts\" \/>\n<script type=\"application\/ld+json\" class=\"yoast-schema-graph\">{\"@context\":\"https:\/\/schema.org\",\"@graph\":[{\"@type\":\"WebPage\",\"@id\":\"https:\/\/expertiagrup.com\/ca\/assessoriaempresespalafrugell\/\",\"url\":\"https:\/\/expertiagrup.com\/ca\/assessoriaempresespalafrugell\/\",\"name\":\"Com t\u2019ajudem? - EXPERTIA GRUP Serveis d\u2019assessoria i gestoria a Girona\",\"isPartOf\":{\"@id\":\"https:\/\/expertiagrup.com\/ca\/#website\"},\"primaryImageOfPage\":{\"@id\":\"https:\/\/expertiagrup.com\/ca\/assessoriaempresespalafrugell\/#primaryimage\"},\"image\":{\"@id\":\"https:\/\/expertiagrup.com\/ca\/assessoriaempresespalafrugell\/#primaryimage\"},\"thumbnailUrl\":\"https:\/\/expertiagrup.com\/ca\/wp-content\/uploads\/sites\/3\/b-quines-somos.jpg\",\"datePublished\":\"2025-01-10T19:57:36+00:00\",\"dateModified\":\"2025-01-20T11:33:16+00:00\",\"description\":\"Assessoria i gestoria a Girona. Facilitem la vida a les empreses amb assessorament i solucions a mida en fiscalitat, comptabilitat, \u00e0mbits laborals i jur\u00eddics.\",\"breadcrumb\":{\"@id\":\"https:\/\/expertiagrup.com\/ca\/assessoriaempresespalafrugell\/#breadcrumb\"},\"inLanguage\":\"ca\",\"potentialAction\":[{\"@type\":\"ReadAction\",\"target\":[\"https:\/\/expertiagrup.com\/ca\/assessoriaempresespalafrugell\/\"]}]},{\"@type\":\"ImageObject\",\"inLanguage\":\"ca\",\"@id\":\"https:\/\/expertiagrup.com\/ca\/assessoriaempresespalafrugell\/#primaryimage\",\"url\":\"https:\/\/expertiagrup.com\/ca\/wp-content\/uploads\/sites\/3\/b-quines-somos.jpg\",\"contentUrl\":\"https:\/\/expertiagrup.com\/ca\/wp-content\/uploads\/sites\/3\/b-quines-somos.jpg\",\"width\":1200,\"height\":568},{\"@type\":\"BreadcrumbList\",\"@id\":\"https:\/\/expertiagrup.com\/ca\/assessoriaempresespalafrugell\/#breadcrumb\",\"itemListElement\":[{\"@type\":\"ListItem\",\"position\":1,\"name\":\"Portada\",\"item\":\"https:\/\/expertiagrup.com\/ca\/\"},{\"@type\":\"ListItem\",\"position\":2,\"name\":\"Com t\u2019ajudem?\"}]},{\"@type\":\"WebSite\",\"@id\":\"https:\/\/expertiagrup.com\/ca\/#website\",\"url\":\"https:\/\/expertiagrup.com\/ca\/\",\"name\":\"EXPERTIA GRUP\",\"description\":\"Una Assessoria \u00e9s m\u00e9s apropiada que una Consultoria per abordar solucions de moderada complexitat en \u00e0mbits on el client compta amb experi\u00e8ncia metodol\u00f2gica pr\u00f2pia, per\u00f2 on tot i aix\u00ed requereix contrastar el seu enfocament amb una visi\u00f3 externa, objectiva i experta\",\"potentialAction\":[{\"@type\":\"SearchAction\",\"target\":{\"@type\":\"EntryPoint\",\"urlTemplate\":\"https:\/\/expertiagrup.com\/ca\/?s={search_term_string}\"},\"query-input\":{\"@type\":\"PropertyValueSpecification\",\"valueRequired\":true,\"valueName\":\"search_term_string\"}}],\"inLanguage\":\"ca\"}]}<\/script>\n<!-- \/ Yoast SEO plugin. -->","yoast_head_json":{"title":"Com t\u2019ajudem? - EXPERTIA GRUP Serveis d\u2019assessoria i gestoria a Girona","description":"Assessoria i gestoria a Girona. Facilitem la vida a les empreses amb assessorament i solucions a mida en fiscalitat, comptabilitat, \u00e0mbits laborals i jur\u00eddics.","robots":{"index":"index","follow":"follow","max-snippet":"max-snippet:-1","max-image-preview":"max-image-preview:large","max-video-preview":"max-video-preview:-1"},"canonical":"https:\/\/expertiagrup.com\/ca\/assessoriaempresespalafrugell\/","og_locale":"ca_ES","og_type":"article","og_title":"Com t\u2019ajudem? - EXPERTIA GRUP Serveis d\u2019assessoria i gestoria a Girona","og_description":"Assessoria i gestoria a Girona. Facilitem la vida a les empreses amb assessorament i solucions a mida en fiscalitat, comptabilitat, \u00e0mbits laborals i jur\u00eddics.","og_url":"https:\/\/expertiagrup.com\/ca\/assessoriaempresespalafrugell\/","og_site_name":"EXPERTIA GRUP","article_modified_time":"2025-01-20T11:33:16+00:00","og_image":[{"width":1200,"height":568,"url":"https:\/\/expertiagrup.com\/ca\/wp-content\/uploads\/sites\/3\/b-quines-somos.jpg","type":"image\/jpeg"}],"twitter_card":"summary_large_image","twitter_misc":{"Temps estimat de lectura":"4 minuts"},"schema":{"@context":"https:\/\/schema.org","@graph":[{"@type":"WebPage","@id":"https:\/\/expertiagrup.com\/ca\/assessoriaempresespalafrugell\/","url":"https:\/\/expertiagrup.com\/ca\/assessoriaempresespalafrugell\/","name":"Com t\u2019ajudem? - EXPERTIA GRUP Serveis d\u2019assessoria i gestoria a Girona","isPartOf":{"@id":"https:\/\/expertiagrup.com\/ca\/#website"},"primaryImageOfPage":{"@id":"https:\/\/expertiagrup.com\/ca\/assessoriaempresespalafrugell\/#primaryimage"},"image":{"@id":"https:\/\/expertiagrup.com\/ca\/assessoriaempresespalafrugell\/#primaryimage"},"thumbnailUrl":"https:\/\/expertiagrup.com\/ca\/wp-content\/uploads\/sites\/3\/b-quines-somos.jpg","datePublished":"2025-01-10T19:57:36+00:00","dateModified":"2025-01-20T11:33:16+00:00","description":"Assessoria i gestoria a Girona. Facilitem la vida a les empreses amb assessorament i solucions a mida en fiscalitat, comptabilitat, \u00e0mbits laborals i jur\u00eddics.","breadcrumb":{"@id":"https:\/\/expertiagrup.com\/ca\/assessoriaempresespalafrugell\/#breadcrumb"},"inLanguage":"ca","potentialAction":[{"@type":"ReadAction","target":["https:\/\/expertiagrup.com\/ca\/assessoriaempresespalafrugell\/"]}]},{"@type":"ImageObject","inLanguage":"ca","@id":"https:\/\/expertiagrup.com\/ca\/assessoriaempresespalafrugell\/#primaryimage","url":"https:\/\/expertiagrup.com\/ca\/wp-content\/uploads\/sites\/3\/b-quines-somos.jpg","contentUrl":"https:\/\/expertiagrup.com\/ca\/wp-content\/uploads\/sites\/3\/b-quines-somos.jpg","width":1200,"height":568},{"@type":"BreadcrumbList","@id":"https:\/\/expertiagrup.com\/ca\/assessoriaempresespalafrugell\/#breadcrumb","itemListElement":[{"@type":"ListItem","position":1,"name":"Portada","item":"https:\/\/expertiagrup.com\/ca\/"},{"@type":"ListItem","position":2,"name":"Com t\u2019ajudem?"}]},{"@type":"WebSite","@id":"https:\/\/expertiagrup.com\/ca\/#website","url":"https:\/\/expertiagrup.com\/ca\/","name":"EXPERTIA GRUP","description":"Una Assessoria \u00e9s m\u00e9s apropiada que una Consultoria per abordar solucions de moderada complexitat en \u00e0mbits on el client compta amb experi\u00e8ncia metodol\u00f2gica pr\u00f2pia, per\u00f2 on tot i aix\u00ed requereix contrastar el seu enfocament amb una visi\u00f3 externa, objectiva i experta","potentialAction":[{"@type":"SearchAction","target":{"@type":"EntryPoint","urlTemplate":"https:\/\/expertiagrup.com\/ca\/?s={search_term_string}"},"query-input":{"@type":"PropertyValueSpecification","valueRequired":true,"valueName":"search_term_string"}}],"inLanguage":"ca"}]}},"_links":{"self":[{"href":"https:\/\/expertiagrup.com\/ca\/wp-json\/wp\/v2\/pages\/267","targetHints":{"allow":["GET"]}}],"collection":[{"href":"https:\/\/expertiagrup.com\/ca\/wp-json\/wp\/v2\/pages"}],"about":[{"href":"https:\/\/expertiagrup.com\/ca\/wp-json\/wp\/v2\/types\/page"}],"author":[{"embeddable":true,"href":"https:\/\/expertiagrup.com\/ca\/wp-json\/wp\/v2\/users\/1"}],"replies":[{"embeddable":true,"href":"https:\/\/expertiagrup.com\/ca\/wp-json\/wp\/v2\/comments?post=267"}],"version-history":[{"count":5,"href":"https:\/\/expertiagrup.com\/ca\/wp-json\/wp\/v2\/pages\/267\/revisions"}],"predecessor-version":[{"id":276,"href":"https:\/\/expertiagrup.com\/ca\/wp-json\/wp\/v2\/pages\/267\/revisions\/276"}],"wp:featuredmedia":[{"embeddable":true,"href":"https:\/\/expertiagrup.com\/ca\/wp-json\/wp\/v2\/media\/268"}],"wp:attachment":[{"href":"https:\/\/expertiagrup.com\/ca\/wp-json\/wp\/v2\/media?parent=267"}],"curies":[{"name":"wp","href":"https:\/\/api.w.org\/{rel}","templated":true}]}}