{"id":210,"date":"2022-03-27T08:33:29","date_gmt":"2022-03-27T08:33:29","guid":{"rendered":"https:\/\/expertiagrup.com\/?page_id=210"},"modified":"2024-11-20T09:07:01","modified_gmt":"2024-11-20T09:07:01","slug":"politica-de-cookies","status":"publish","type":"page","link":"https:\/\/expertiagrup.com\/ca\/politica-de-cookies\/","title":{"rendered":"Pol\u00edtica de cookies"},"content":{"rendered":"<p>Actualitzada: 14\/03\/2022<\/p>\n<p>Versi\u00f3: 3<\/p>\n<p>El lloc web <u>https:\/\/expertiagrup.com<\/u> \u00e9s responsabilitat de EXPERTIA GRUP BAIX EMPORD\u00c0, S.L., (en adelante EXPERTIA), con domicilio social en C.\/ Begur, 34 de 17200 Palafrugell (Girona) amb CIF n\u00ba B02850816 y direcci\u00f3n de correo electr\u00f3nico <u>info@expertiagrup.com<\/u>.<\/p>\n<p>Conseq\u00fcentment, la utilitzaci\u00f3 de cookies se li aplica la present &#8220;Pol\u00edtica d&#8217;\u00das de Cookies&#8221; que ha estat elaborada per tal que l&#8217;usuari quedi informat dels diferents usos que es duen a terme en aquests dispositius i, pugui consentir el seu tractament de manera informada, de conformitat amb el que preveu la legislaci\u00f3 vigent.<\/p>\n<h3><strong>Qu\u00e8 \u00e9s una cookie?<\/strong><\/h3>\n<p>Una cookie \u00e9s un fitxer que es descarrega al seu ordinador en accedir l&#8217;Usuari a determinades p\u00e0gines web. Les cookies permeten a una p\u00e0gina web, entre altres coses, emmagatzemar i recuperar informaci\u00f3 sobre els h\u00e0bits de navegaci\u00f3 d&#8217;un usuari o del seu equip i, depenent de la informaci\u00f3 que continguin i de la forma en qu\u00e8 utilitzi el seu equip, es poden utilitzar per recon\u00e8ixer a l&#8217;usuari.<\/p>\n<h3><strong>Quins tipus de cookies hi ha?<\/strong><\/h3>\n<p>Hi ha diversos tipus de cookies en funci\u00f3 de diferents criteris:<\/p>\n<p>En funci\u00f3 del temps que romanen activades:<\/p>\n<ul>\n<li>Cookies de sessi\u00f3. S\u00f3n un tipus de cookies dissenyades per demanar i emmagatzemar dades mentre l&#8217;usuari accedeix a una p\u00e0gina web.<\/li>\n<li>Cookies permanents: S\u00f3n un tipus de cookies en el qual les dades segueixen emmagatzemats en el terminal i poden ser accedits i tractats durant un per\u00edode definit pel responsable de la galeta.<\/li>\n<\/ul>\n<p>En funci\u00f3 de la titularitat:<\/p>\n<ul>\n<li>Cookies pr\u00f2pies. S\u00f3n les que pertanyen a EXPERTIA<\/li>\n<li>Cookies de tercers. S\u00f3n aquelles la titularitat \u00e9s d&#8217;un tercer, diferent de EXPERTIA, que ser\u00e0 qui tracti la informaci\u00f3 recollida.<\/li>\n<\/ul>\n<p>En funci\u00f3 de la seva finalitat:<\/p>\n<ul>\n<li>Cookies t\u00e8cniques i\/o de personalitzaci\u00f3. S\u00f3n aquelles que serveixen per millorar el servei, localitzar incid\u00e8ncies, recon\u00e8ixer a l&#8217;usuari, etc.<\/li>\n<li>Cookies d&#8217;an\u00e0lisi i\/o de publicitat. S\u00f3n aquelles que serveixen per analitzar informaci\u00f3 sobre la navegaci\u00f3 i oferir publicitat, sigui gen\u00e8rica o personalitzada.<\/li>\n<\/ul>\n<p>&nbsp;<\/p>\n<h3><strong>Quins tipus de cookies s\u00f3n m\u00e9s habituals?<\/strong><\/h3>\n<p>T\u00c8CNIQUES: S\u00f3n cookies PR\u00d2PIES, de sessi\u00f3, d&#8217;identificaci\u00f3, de configuraci\u00f3 i de registre, estrictament necess\u00e0ries per a la identificaci\u00f3 de l&#8217;usuari i per a la prestaci\u00f3 dels serveis sol\u00b7licitats per l&#8217;usuari. La informaci\u00f3 obtinguda a trav\u00e9s de les mateixes \u00e9s tractada \u00fanicament per EXPERTIA<\/p>\n<p>D&#8217;AN\u00c0LISI: S\u00f3n aquelles que, ben tractades per nosaltres o per tercers, ens permeten quantificar el nombre d&#8217;usuaris i aix\u00ed realitzar el mesurament i an\u00e0lisi estad\u00edstica de la utilitzaci\u00f3 que fan els usuaris del servei ofert. Per aix\u00f2 s&#8217;analitza la seva navegaci\u00f3 a la nostra p\u00e0gina web per tal de millorar l&#8217;oferta de productes o serveis que li oferim.<\/p>\n<p>DE PUBLICITAT: S\u00f3n aquelles que, ben tractades per nosaltres o per tercers, permeten la gesti\u00f3, de la forma m\u00e9s efica\u00e7 possible, dels espais publicitaris que es poguessin incloure a la nostra p\u00e0gina web i\/o emmagatzemen informaci\u00f3 del comportament dels usuaris obtinguda a trav\u00e9s de l&#8217;observaci\u00f3 continuada. Gr\u00e0cies a elles, podem con\u00e8ixer els h\u00e0bits de navegaci\u00f3 a internet i mostrar-li publicitat relacionada amb el seu perfil de navegaci\u00f3.<\/p>\n<p><strong>Per qu\u00e8 serveix una cookie?<\/strong><\/p>\n<p>Les cookies s&#8217;utilitzen per poder oferir-serveis i\/o publicitat personalitzats, per analitzar el funcionament del sistema, recon\u00e8ixer quan accedeix com a usuari, localitzar incid\u00e8ncies i problemes que puguin sorgir i solucionar en el menor termini possible, aix\u00ed com analitzar i mesurar l&#8217;\u00fas i activitat de la p\u00e0gina web.<\/p>\n<p>&nbsp;<\/p>\n<h3><strong>Es necessita el meu consentiment per implantar una cookie?<\/strong><\/h3>\n<p>No cal el consentiment per a la instal\u00b7laci\u00f3 de cookies t\u00e8cniques o les que siguin estrictament necess\u00e0ries per a la prestaci\u00f3 d&#8217;un servei de la societat de la informaci\u00f3 expressament sol\u00b7licitat pel destinatari.<\/p>\n<p>Per a la resta, s\u00ed que es necessita el consentiment de l&#8217;interessat que es pot sol\u00b7licitar per diferents vies. En el cas de EXPERTIA, s&#8217;entendr\u00e0 atorgat si Vost\u00e8 segueix utilitzant la p\u00e0gina web, sense perjudici que en qualsevol moment podr\u00e0 revocar-i desactivar les cookies.<\/p>\n<p>&nbsp;<\/p>\n<h3><strong>Quins tipus de cookies utilitza aquesta p\u00e0gina web?<\/strong><\/h3>\n<p>Cookies t\u00e8cniques: S\u00f3n aquelles creades i gestionades \u00fanicament per nosaltres, i permeten a l&#8217;usuari la navegaci\u00f3 a trav\u00e9s de la nostra p\u00e0gina web i la utilitzaci\u00f3 de les diferents opcions com, per exemple, identificar la sessi\u00f3, personalitzar informaci\u00f3 o accedir a zones d&#8217;acc\u00e9s restringit.<\/p>\n<p>El lloc web de EXPERTIA, utilitza Google Analytics, una eina d&#8217;anal\u00edtica web desenvolupada per Google, que ajuda els propietaris de llocs web a mesurar com interactuen els usuaris amb el contingut del lloc.\u00a0 \u00a0Per la prestaci\u00f3 de aquests serveis, Google Analytics utilitzen cookies que recopilen la informaci\u00f3, inclosa l\u2019adre\u00e7a IP del usuari que ser\u00e0 transmesa, tractada i emmagatzemada per Google en els termes fixats a la web Google.com.<\/p>\n<p>Per a m\u00e9s informaci\u00f3 veure:<\/p>\n<p><a href=\"https:\/\/developers.google.com\/analytics\/devguides\/collection\/analyticsjs\/cookie-usage\">https:\/\/developers.google.com\/analytics\/devguides\/collection\/analyticsjs\/cookie-usage<\/a><\/p>\n<p>El domini web https:\/\/expertiagrup.com utilitzen els seg\u00fcents tipus de cookies:<\/p>\n<table>\n<tbody>\n<tr>\n<td width=\"219\">Nom de la cookie<\/td>\n<td width=\"381\">Finalitat<\/td>\n<td width=\"79\">Expira<\/td>\n<\/tr>\n<tr>\n<td width=\"219\">qtrans-front-language<\/p>\n<p>expertiagup.com<\/td>\n<td width=\"381\">Cookie d&#8217;una experi\u00e8ncia d&#8217;usuari que s&#8217;utilitza per determinar la llengua per defecte.<\/p>\n<p>&nbsp;<\/td>\n<td width=\"79\">1 any<\/td>\n<\/tr>\n<tr>\n<td width=\"219\">PHPSESSID<\/p>\n<p>expertiagrup.clientlink.es<\/td>\n<td width=\"381\">La seva finalitat \u00e9s la de controlar la sessi\u00f3 de l\u2019usuari. Necess\u00e0ria per la navegaci\u00f3 i el bon funcionament de la p\u00e0gina web.<\/p>\n<p>&nbsp;<\/td>\n<td width=\"79\">Al tancar la sessi\u00f3<\/td>\n<\/tr>\n<\/tbody>\n<\/table>\n<p><strong>\u00a0<\/strong><\/p>\n<h3><strong>Com desactivar cookies?<\/strong><\/h3>\n<p>Pot permetre, bloquejar o eliminar les cookies instal\u00b7lades en el seu equip mitjan\u00e7ant la configuraci\u00f3 de les opcions del navegador en el vostre ordinador.<\/p>\n<ul>\n<li>Firefox : <a href=\"https:\/\/support.mozilla.org\/es\/kb\/habilitar-y-deshabilitar-cookies-sitios-web-rastrear-preferencias?redirectlocale=es&amp;redirectslug=habilitar-y-deshabilitar-cookies-que-los-sitios-we\">https:\/\/support.mozilla.org\/es\/kb\/habilitar-y-deshabilitar-cookies-sitios-web-rastrear-preferencias?redirectlocale=es&amp;redirectslug=habilitar-y-deshabilitar-cookies-que-los-sitios-we<\/a><\/li>\n<li>Chrome: <a href=\"https:\/\/support.google.com\/chrome\/answer\/95647?hl=es\">https:\/\/support.google.com\/chrome\/answer\/95647?hl=es<\/a><\/li>\n<li>Internet Explorer: <a href=\"https:\/\/support.microsoft.com\/es-es\/products\/windows?os=windows-10\">https:\/\/support.microsoft.com\/es-es\/products\/windows?os=windows-10<\/a><\/li>\n<li>Safari: <a href=\"https:\/\/support.apple.com\/kb\/ph5042?locale=es_ES\">https:\/\/support.apple.com\/kb\/ph5042?locale=es_ES<\/a><\/li>\n<li>Safari para iOS: <a href=\"https:\/\/support.apple.com\/es-es\/HT201265\">https:\/\/support.apple.com\/es-es\/HT201265<\/a><\/li>\n<li>Opera: <a href=\"http:\/\/help.opera.com\/Windows\/11.50\/es-ES\/cookies.html\">http:\/\/help.opera.com\/Windows\/11.50\/es-ES\/cookies.html<\/a><\/li>\n<\/ul>\n<p><strong>\u00a0<\/strong><\/p>\n<h3><strong>Exercici de drets<\/strong><\/h3>\n<p>Pot con\u00e8ixer i exercir els seus drets en mat\u00e8ria de protecci\u00f3 de dades accedint a la nostra pol\u00edtica de privacitat <u>https:\/\/expertiagrup.com\/ca\/politica-privacitat<\/u>.<\/p>\n<p>&nbsp;<\/p>\n<h3><strong>Informaci\u00f3 addicional<\/strong><\/h3>\n<p>Podeu consultar m\u00e9s informaci\u00f3 a la guia sobre l&#8217;\u00fas de les cookies editada per l&#8217;AGPD a: <a href=\"https:\/\/www.aepd.es\/sites\/default\/files\/2020-07\/guia-cookies.pdf\">https:\/\/www.aepd.es\/sites\/default\/files\/2020-07\/guia-cookies.pdf<\/a><\/p>\n<p class=\"p1\">\n","protected":false},"excerpt":{"rendered":"<p>Actualitzada: 14\/03\/2022 Versi\u00f3: 3 El lloc web https:\/\/expertiagrup.com \u00e9s responsabilitat de EXPERTIA GRUP BAIX EMPORD\u00c0, S.L., (en adelante EXPERTIA), con domicilio social en C.\/ Begur, 34 de 17200 Palafrugell (Girona) amb CIF n\u00ba B02850816 y direcci\u00f3n de correo electr\u00f3nico info@expertiagrup.com. Conseq\u00fcentment, la utilitzaci\u00f3 de cookies se li aplica la present &#8220;Pol\u00edtica d&#8217;\u00das de Cookies&#8221; que [&hellip;]<\/p>\n","protected":false},"author":1,"featured_media":0,"parent":0,"menu_order":9,"comment_status":"closed","ping_status":"closed","template":"","meta":{"_acf_changed":false,"footnotes":""},"class_list":["post-210","page","type-page","status-publish","hentry"],"acf":[],"yoast_head":"<!-- This site is optimized with the Yoast SEO plugin v24.9 - https:\/\/yoast.com\/wordpress\/plugins\/seo\/ -->\n<title>Pol\u00edtica de cookies - EXPERTIA GRUP<\/title>\n<meta name=\"robots\" content=\"index, follow, max-snippet:-1, max-image-preview:large, max-video-preview:-1\" \/>\n<link rel=\"canonical\" href=\"https:\/\/expertiagrup.com\/ca\/politica-de-cookies\/\" \/>\n<meta property=\"og:locale\" content=\"ca_ES\" \/>\n<meta property=\"og:type\" content=\"article\" \/>\n<meta property=\"og:title\" content=\"Pol\u00edtica de cookies - EXPERTIA GRUP\" \/>\n<meta property=\"og:description\" content=\"Actualitzada: 14\/03\/2022 Versi\u00f3: 3 El lloc web https:\/\/expertiagrup.com \u00e9s responsabilitat de EXPERTIA GRUP BAIX EMPORD\u00c0, S.L., (en adelante EXPERTIA), con domicilio social en C.\/ Begur, 34 de 17200 Palafrugell (Girona) amb CIF n\u00ba B02850816 y direcci\u00f3n de correo electr\u00f3nico info@expertiagrup.com. Conseq\u00fcentment, la utilitzaci\u00f3 de cookies se li aplica la present &#8220;Pol\u00edtica d&#8217;\u00das de Cookies&#8221; que [&hellip;]\" \/>\n<meta property=\"og:url\" content=\"https:\/\/expertiagrup.com\/ca\/politica-de-cookies\/\" \/>\n<meta property=\"og:site_name\" content=\"EXPERTIA GRUP\" \/>\n<meta property=\"article:modified_time\" content=\"2024-11-20T09:07:01+00:00\" \/>\n<meta name=\"twitter:card\" content=\"summary_large_image\" \/>\n<meta name=\"twitter:label1\" content=\"Temps estimat de lectura\" \/>\n\t<meta name=\"twitter:data1\" content=\"5 minuts\" \/>\n<script type=\"application\/ld+json\" class=\"yoast-schema-graph\">{\"@context\":\"https:\/\/schema.org\",\"@graph\":[{\"@type\":\"WebPage\",\"@id\":\"https:\/\/expertiagrup.com\/ca\/politica-de-cookies\/\",\"url\":\"https:\/\/expertiagrup.com\/ca\/politica-de-cookies\/\",\"name\":\"Pol\u00edtica de cookies - EXPERTIA GRUP\",\"isPartOf\":{\"@id\":\"https:\/\/expertiagrup.com\/ca\/#website\"},\"datePublished\":\"2022-03-27T08:33:29+00:00\",\"dateModified\":\"2024-11-20T09:07:01+00:00\",\"breadcrumb\":{\"@id\":\"https:\/\/expertiagrup.com\/ca\/politica-de-cookies\/#breadcrumb\"},\"inLanguage\":\"ca\",\"potentialAction\":[{\"@type\":\"ReadAction\",\"target\":[\"https:\/\/expertiagrup.com\/ca\/politica-de-cookies\/\"]}]},{\"@type\":\"BreadcrumbList\",\"@id\":\"https:\/\/expertiagrup.com\/ca\/politica-de-cookies\/#breadcrumb\",\"itemListElement\":[{\"@type\":\"ListItem\",\"position\":1,\"name\":\"Portada\",\"item\":\"https:\/\/expertiagrup.com\/ca\/\"},{\"@type\":\"ListItem\",\"position\":2,\"name\":\"Pol\u00edtica de cookies\"}]},{\"@type\":\"WebSite\",\"@id\":\"https:\/\/expertiagrup.com\/ca\/#website\",\"url\":\"https:\/\/expertiagrup.com\/ca\/\",\"name\":\"EXPERTIA GRUP\",\"description\":\"Una Assessoria \u00e9s m\u00e9s apropiada que una Consultoria per abordar solucions de moderada complexitat en \u00e0mbits on el client compta amb experi\u00e8ncia metodol\u00f2gica pr\u00f2pia, per\u00f2 on tot i aix\u00ed requereix contrastar el seu enfocament amb una visi\u00f3 externa, objectiva i experta\",\"potentialAction\":[{\"@type\":\"SearchAction\",\"target\":{\"@type\":\"EntryPoint\",\"urlTemplate\":\"https:\/\/expertiagrup.com\/ca\/?s={search_term_string}\"},\"query-input\":{\"@type\":\"PropertyValueSpecification\",\"valueRequired\":true,\"valueName\":\"search_term_string\"}}],\"inLanguage\":\"ca\"}]}<\/script>\n<!-- \/ Yoast SEO plugin. -->","yoast_head_json":{"title":"Pol\u00edtica de cookies - EXPERTIA GRUP","robots":{"index":"index","follow":"follow","max-snippet":"max-snippet:-1","max-image-preview":"max-image-preview:large","max-video-preview":"max-video-preview:-1"},"canonical":"https:\/\/expertiagrup.com\/ca\/politica-de-cookies\/","og_locale":"ca_ES","og_type":"article","og_title":"Pol\u00edtica de cookies - EXPERTIA GRUP","og_description":"Actualitzada: 14\/03\/2022 Versi\u00f3: 3 El lloc web https:\/\/expertiagrup.com \u00e9s responsabilitat de EXPERTIA GRUP BAIX EMPORD\u00c0, S.L., (en adelante EXPERTIA), con domicilio social en C.\/ Begur, 34 de 17200 Palafrugell (Girona) amb CIF n\u00ba B02850816 y direcci\u00f3n de correo electr\u00f3nico info@expertiagrup.com. Conseq\u00fcentment, la utilitzaci\u00f3 de cookies se li aplica la present &#8220;Pol\u00edtica d&#8217;\u00das de Cookies&#8221; que [&hellip;]","og_url":"https:\/\/expertiagrup.com\/ca\/politica-de-cookies\/","og_site_name":"EXPERTIA GRUP","article_modified_time":"2024-11-20T09:07:01+00:00","twitter_card":"summary_large_image","twitter_misc":{"Temps estimat de lectura":"5 minuts"},"schema":{"@context":"https:\/\/schema.org","@graph":[{"@type":"WebPage","@id":"https:\/\/expertiagrup.com\/ca\/politica-de-cookies\/","url":"https:\/\/expertiagrup.com\/ca\/politica-de-cookies\/","name":"Pol\u00edtica de cookies - EXPERTIA GRUP","isPartOf":{"@id":"https:\/\/expertiagrup.com\/ca\/#website"},"datePublished":"2022-03-27T08:33:29+00:00","dateModified":"2024-11-20T09:07:01+00:00","breadcrumb":{"@id":"https:\/\/expertiagrup.com\/ca\/politica-de-cookies\/#breadcrumb"},"inLanguage":"ca","potentialAction":[{"@type":"ReadAction","target":["https:\/\/expertiagrup.com\/ca\/politica-de-cookies\/"]}]},{"@type":"BreadcrumbList","@id":"https:\/\/expertiagrup.com\/ca\/politica-de-cookies\/#breadcrumb","itemListElement":[{"@type":"ListItem","position":1,"name":"Portada","item":"https:\/\/expertiagrup.com\/ca\/"},{"@type":"ListItem","position":2,"name":"Pol\u00edtica de cookies"}]},{"@type":"WebSite","@id":"https:\/\/expertiagrup.com\/ca\/#website","url":"https:\/\/expertiagrup.com\/ca\/","name":"EXPERTIA GRUP","description":"Una Assessoria \u00e9s m\u00e9s apropiada que una Consultoria per abordar solucions de moderada complexitat en \u00e0mbits on el client compta amb experi\u00e8ncia metodol\u00f2gica pr\u00f2pia, per\u00f2 on tot i aix\u00ed requereix contrastar el seu enfocament amb una visi\u00f3 externa, objectiva i experta","potentialAction":[{"@type":"SearchAction","target":{"@type":"EntryPoint","urlTemplate":"https:\/\/expertiagrup.com\/ca\/?s={search_term_string}"},"query-input":{"@type":"PropertyValueSpecification","valueRequired":true,"valueName":"search_term_string"}}],"inLanguage":"ca"}]}},"_links":{"self":[{"href":"https:\/\/expertiagrup.com\/ca\/wp-json\/wp\/v2\/pages\/210","targetHints":{"allow":["GET"]}}],"collection":[{"href":"https:\/\/expertiagrup.com\/ca\/wp-json\/wp\/v2\/pages"}],"about":[{"href":"https:\/\/expertiagrup.com\/ca\/wp-json\/wp\/v2\/types\/page"}],"author":[{"embeddable":true,"href":"https:\/\/expertiagrup.com\/ca\/wp-json\/wp\/v2\/users\/1"}],"replies":[{"embeddable":true,"href":"https:\/\/expertiagrup.com\/ca\/wp-json\/wp\/v2\/comments?post=210"}],"version-history":[{"count":7,"href":"https:\/\/expertiagrup.com\/ca\/wp-json\/wp\/v2\/pages\/210\/revisions"}],"predecessor-version":[{"id":254,"href":"https:\/\/expertiagrup.com\/ca\/wp-json\/wp\/v2\/pages\/210\/revisions\/254"}],"wp:attachment":[{"href":"https:\/\/expertiagrup.com\/ca\/wp-json\/wp\/v2\/media?parent=210"}],"curies":[{"name":"wp","href":"https:\/\/api.w.org\/{rel}","templated":true}]}}