{"id":193,"date":"2022-02-17T13:12:22","date_gmt":"2022-02-17T13:12:22","guid":{"rendered":"https:\/\/expertiagrup.com\/?page_id=193"},"modified":"2024-11-20T11:07:04","modified_gmt":"2024-11-20T11:07:04","slug":"actualitat","status":"publish","type":"page","link":"https:\/\/expertiagrup.com\/ca\/actualitat\/","title":{"rendered":"Actualitat"},"content":{"rendered":"<p><script src=\"https:\/\/repository.clientlink.es\/assets\/js\/script_iframe.js\"><\/script><\/p>\n<p><iframe loading=\"lazy\" width=\"100%\" height=\"100%\" frameborder=\"0\" id=\"bcw_iframe\"  scroll-top=\"yes\" src=\"https:\/\/expertiagrup.clientlink.es\" instance=\"es\"  lang=\"ca\"><br \/>\n<\/iframe><\/p>\n","protected":false},"excerpt":{"rendered":"","protected":false},"author":3,"featured_media":0,"parent":0,"menu_order":5,"comment_status":"closed","ping_status":"closed","template":"","meta":{"_acf_changed":false,"footnotes":""},"class_list":["post-193","page","type-page","status-publish","hentry"],"acf":[],"yoast_head":"<!-- This site is optimized with the Yoast SEO plugin v24.9 - https:\/\/yoast.com\/wordpress\/plugins\/seo\/ -->\n<title>Actualitat - EXPERTIA GRUP<\/title>\n<meta name=\"robots\" content=\"index, follow, max-snippet:-1, max-image-preview:large, max-video-preview:-1\" \/>\n<link rel=\"canonical\" href=\"https:\/\/expertiagrup.com\/ca\/actualitat\/\" \/>\n<meta property=\"og:locale\" content=\"ca_ES\" \/>\n<meta property=\"og:type\" content=\"article\" \/>\n<meta property=\"og:title\" content=\"Actualitat - EXPERTIA GRUP\" \/>\n<meta property=\"og:url\" content=\"https:\/\/expertiagrup.com\/ca\/actualitat\/\" \/>\n<meta property=\"og:site_name\" content=\"EXPERTIA GRUP\" \/>\n<meta property=\"article:modified_time\" content=\"2024-11-20T11:07:04+00:00\" \/>\n<meta name=\"twitter:card\" content=\"summary_large_image\" \/>\n<script type=\"application\/ld+json\" class=\"yoast-schema-graph\">{\"@context\":\"https:\/\/schema.org\",\"@graph\":[{\"@type\":\"WebPage\",\"@id\":\"https:\/\/expertiagrup.com\/ca\/actualitat\/\",\"url\":\"https:\/\/expertiagrup.com\/ca\/actualitat\/\",\"name\":\"Actualitat - EXPERTIA GRUP\",\"isPartOf\":{\"@id\":\"https:\/\/expertiagrup.com\/ca\/#website\"},\"datePublished\":\"2022-02-17T13:12:22+00:00\",\"dateModified\":\"2024-11-20T11:07:04+00:00\",\"breadcrumb\":{\"@id\":\"https:\/\/expertiagrup.com\/ca\/actualitat\/#breadcrumb\"},\"inLanguage\":\"ca\",\"potentialAction\":[{\"@type\":\"ReadAction\",\"target\":[\"https:\/\/expertiagrup.com\/ca\/actualitat\/\"]}]},{\"@type\":\"BreadcrumbList\",\"@id\":\"https:\/\/expertiagrup.com\/ca\/actualitat\/#breadcrumb\",\"itemListElement\":[{\"@type\":\"ListItem\",\"position\":1,\"name\":\"Portada\",\"item\":\"https:\/\/expertiagrup.com\/ca\/\"},{\"@type\":\"ListItem\",\"position\":2,\"name\":\"Actualitat\"}]},{\"@type\":\"WebSite\",\"@id\":\"https:\/\/expertiagrup.com\/ca\/#website\",\"url\":\"https:\/\/expertiagrup.com\/ca\/\",\"name\":\"EXPERTIA GRUP\",\"description\":\"Una Assessoria \u00e9s m\u00e9s apropiada que una Consultoria per abordar solucions de moderada complexitat en \u00e0mbits on el client compta amb experi\u00e8ncia metodol\u00f2gica pr\u00f2pia, per\u00f2 on tot i aix\u00ed requereix contrastar el seu enfocament amb una visi\u00f3 externa, objectiva i experta\",\"potentialAction\":[{\"@type\":\"SearchAction\",\"target\":{\"@type\":\"EntryPoint\",\"urlTemplate\":\"https:\/\/expertiagrup.com\/ca\/?s={search_term_string}\"},\"query-input\":{\"@type\":\"PropertyValueSpecification\",\"valueRequired\":true,\"valueName\":\"search_term_string\"}}],\"inLanguage\":\"ca\"}]}<\/script>\n<!-- \/ Yoast SEO plugin. -->","yoast_head_json":{"title":"Actualitat - EXPERTIA GRUP","robots":{"index":"index","follow":"follow","max-snippet":"max-snippet:-1","max-image-preview":"max-image-preview:large","max-video-preview":"max-video-preview:-1"},"canonical":"https:\/\/expertiagrup.com\/ca\/actualitat\/","og_locale":"ca_ES","og_type":"article","og_title":"Actualitat - EXPERTIA GRUP","og_url":"https:\/\/expertiagrup.com\/ca\/actualitat\/","og_site_name":"EXPERTIA GRUP","article_modified_time":"2024-11-20T11:07:04+00:00","twitter_card":"summary_large_image","schema":{"@context":"https:\/\/schema.org","@graph":[{"@type":"WebPage","@id":"https:\/\/expertiagrup.com\/ca\/actualitat\/","url":"https:\/\/expertiagrup.com\/ca\/actualitat\/","name":"Actualitat - EXPERTIA GRUP","isPartOf":{"@id":"https:\/\/expertiagrup.com\/ca\/#website"},"datePublished":"2022-02-17T13:12:22+00:00","dateModified":"2024-11-20T11:07:04+00:00","breadcrumb":{"@id":"https:\/\/expertiagrup.com\/ca\/actualitat\/#breadcrumb"},"inLanguage":"ca","potentialAction":[{"@type":"ReadAction","target":["https:\/\/expertiagrup.com\/ca\/actualitat\/"]}]},{"@type":"BreadcrumbList","@id":"https:\/\/expertiagrup.com\/ca\/actualitat\/#breadcrumb","itemListElement":[{"@type":"ListItem","position":1,"name":"Portada","item":"https:\/\/expertiagrup.com\/ca\/"},{"@type":"ListItem","position":2,"name":"Actualitat"}]},{"@type":"WebSite","@id":"https:\/\/expertiagrup.com\/ca\/#website","url":"https:\/\/expertiagrup.com\/ca\/","name":"EXPERTIA GRUP","description":"Una Assessoria \u00e9s m\u00e9s apropiada que una Consultoria per abordar solucions de moderada complexitat en \u00e0mbits on el client compta amb experi\u00e8ncia metodol\u00f2gica pr\u00f2pia, per\u00f2 on tot i aix\u00ed requereix contrastar el seu enfocament amb una visi\u00f3 externa, objectiva i experta","potentialAction":[{"@type":"SearchAction","target":{"@type":"EntryPoint","urlTemplate":"https:\/\/expertiagrup.com\/ca\/?s={search_term_string}"},"query-input":{"@type":"PropertyValueSpecification","valueRequired":true,"valueName":"search_term_string"}}],"inLanguage":"ca"}]}},"_links":{"self":[{"href":"https:\/\/expertiagrup.com\/ca\/wp-json\/wp\/v2\/pages\/193","targetHints":{"allow":["GET"]}}],"collection":[{"href":"https:\/\/expertiagrup.com\/ca\/wp-json\/wp\/v2\/pages"}],"about":[{"href":"https:\/\/expertiagrup.com\/ca\/wp-json\/wp\/v2\/types\/page"}],"author":[{"embeddable":true,"href":"https:\/\/expertiagrup.com\/ca\/wp-json\/wp\/v2\/users\/3"}],"replies":[{"embeddable":true,"href":"https:\/\/expertiagrup.com\/ca\/wp-json\/wp\/v2\/comments?post=193"}],"version-history":[{"count":4,"href":"https:\/\/expertiagrup.com\/ca\/wp-json\/wp\/v2\/pages\/193\/revisions"}],"predecessor-version":[{"id":261,"href":"https:\/\/expertiagrup.com\/ca\/wp-json\/wp\/v2\/pages\/193\/revisions\/261"}],"wp:attachment":[{"href":"https:\/\/expertiagrup.com\/ca\/wp-json\/wp\/v2\/media?parent=193"}],"curies":[{"name":"wp","href":"https:\/\/api.w.org\/{rel}","templated":true}]}}